{"id":12287,"date":"2020-09-20T10:57:09","date_gmt":"2020-09-20T10:57:09","guid":{"rendered":"http:\/\/turklongboard.org\/?page_id=12287"},"modified":"2020-11-30T19:22:34","modified_gmt":"2020-11-30T19:22:34","slug":"bloglar","status":"publish","type":"page","link":"https:\/\/turklongboard.org\/english\/bloglar\/","title":{"rendered":"Blogs"},"content":{"rendered":"<div class=\"wpb-content-wrapper\"><div class=\"vc_row wpb_row vc_row-fluid\"><div class=\"wpb_column vc_column_container vc_col-sm-12\"><div class=\"vc_column-inner\"><div class=\"wpb_wrapper\">\t\t\t<link rel=\"stylesheet\" id=\"wd-section-title-css\" href=\"https:\/\/turklongboard.org\/wp-content\/themes\/woodmart\/css\/parts\/el-section-title.min.css?ver=7.3.2\" type=\"text\/css\" media=\"all\" \/> \t\t\t\t\t\t<link rel=\"stylesheet\" id=\"wd-section-title-style-simple-and-brd-css\" href=\"https:\/\/turklongboard.org\/wp-content\/themes\/woodmart\/css\/parts\/el-section-title-style-simple-and-brd.min.css?ver=7.3.2\" type=\"text\/css\" media=\"all\" \/> \t\t\t\t\t\t<link rel=\"stylesheet\" id=\"wd-mod-highlighted-text-css\" href=\"https:\/\/turklongboard.org\/wp-content\/themes\/woodmart\/css\/parts\/mod-highlighted-text.min.css?ver=7.3.2\" type=\"text\/css\" media=\"all\" \/> \t\t\t\n\t\t<div id=\"wd-5f7b683f04ed9\" class=\"title-wrapper wd-wpb set-mb-s reset-last-child  wd-rs-5f7b683f04ed9 wd-title-color-primary wd-title-style-bordered text-center vc_custom_1601923148153 wd-underline-colored\">\n\t\t\t\n\t\t\t<div class=\"liner-continer\">\n\t\t\t\t<h4 class=\"woodmart-title-container title  wd-font-weight-600 wd-fontsize-l\" >Blogs<\/h4>\n\t\t\t\t\t\t\t<\/div>\n\t\t\t\n\t\t\t\n\t\t\t\n\t\t<\/div>\n\t\t\n\t\t<\/div><\/div><\/div><\/div><div class=\"vc_row wpb_row vc_row-fluid\"><div class=\"wpb_column vc_column_container vc_col-sm-6\"><div class=\"vc_column-inner\"><div class=\"wpb_wrapper\">\t\t\t<link rel=\"stylesheet\" id=\"wd-info-box-css\" href=\"https:\/\/turklongboard.org\/wp-content\/themes\/woodmart\/css\/parts\/el-info-box.min.css?ver=7.3.2\" type=\"text\/css\" media=\"all\" \/> \t\t\t\t\t\t<link rel=\"stylesheet\" id=\"wd-info-box-style-shadow-and-bg-hover-css\" href=\"https:\/\/turklongboard.org\/wp-content\/themes\/woodmart\/css\/parts\/el-info-box-style-shadow-and-bg-hover.min.css?ver=7.3.2\" type=\"text\/css\" media=\"all\" \/> \t\t\t\t\t\t<div class=\"info-box-wrapper\">\n\t\t\t\t<div id=\"wd-5fc268f46b86c\" class=\"wd-rs-5fc268f46b86c wd-info-box wd-wpb text-center box-icon-align-top box-style-shadow color-scheme- wd-bg-none with-btn box-btn-static\"  >\n\t\t\t\t\t\t\t\t\t\t\t<div class=\"box-icon-wrapper  box-with-icon box-icon-simple\">\n\t\t\t\t\t\t\t<div class=\"info-box-icon\">\n\n\t\t\t\t\t\t\t\n\t\t\t\t\t\t\t\t\t\t\t\t\t\t\t\t\t<img width=\"80\" height=\"80\" src=\"https:\/\/turklongboard.s3.eu-central-1.amazonaws.com\/wp-content\/uploads\/2020\/09\/06143817\/longboard-icon-100x100.png\" class=\"attachment-80x80 size-80x80\" alt=\"longboard-ikon\" decoding=\"async\" loading=\"lazy\" srcset=\"https:\/\/turklongboard.s3.eu-central-1.amazonaws.com\/wp-content\/uploads\/2020\/09\/06143817\/longboard-icon-100x100.png 100w, https:\/\/turklongboard.s3.eu-central-1.amazonaws.com\/wp-content\/uploads\/2020\/09\/06143817\/longboard-icon-150x150.png 150w, https:\/\/turklongboard.s3.eu-central-1.amazonaws.com\/wp-content\/uploads\/2020\/09\/06143817\/longboard-icon-600x600.png 600w, https:\/\/turklongboard.s3.eu-central-1.amazonaws.com\/wp-content\/uploads\/2020\/09\/06143817\/longboard-icon-300x300.png 300w\" sizes=\"(max-width: 80px) 100vw, 80px\" title=\"\">\t\t\t\t\t\t\t\t\t\t\t\t\t\t\t\n\t\t\t\t\t\t\t<\/div>\n\t\t\t\t\t\t<\/div>\n\t\t\t\t\t\t\t\t\t\t<div class=\"info-box-content\">\n\t\t\t\t\t\t<h4 class=\"info-box-title title box-title-style-default wd-fontsize-m\">Longboard<\/h4>\t\t\t\t\t\t<div class=\"info-box-inner set-cont-mb-s reset-last-child\"><p>All About Longboard<\/p>\n<\/div>\n\n\t\t\t\t\t\t<div class=\"info-btn-wrapper\"><div id=\"wd-69d7dbc24b053\" class=\"wd-button-wrapper text-center\"><a href=\"https:\/\/turklongboard.org\/english\/category\/longboard\/\" title=\"\" class=\"btn btn-color-primary btn-style-default btn-style-rectangle btn-size-small\">Read More<\/a><\/div><\/div>\t\t\t\t\t<\/div>\n\n\t\t\t\t\t\t\t\t\t<\/div>\n\t\t\t<\/div>\n\t\t<\/div><\/div><\/div><div class=\"wpb_column vc_column_container vc_col-sm-6\"><div class=\"vc_column-inner\"><div class=\"wpb_wrapper\">\t\t\t<div class=\"info-box-wrapper\">\n\t\t\t\t<div id=\"wd-5fc268fbe816c\" class=\"wd-rs-5fc268fbe816c wd-info-box wd-wpb text-center box-icon-align-top box-style-shadow color-scheme- wd-bg-none with-btn box-btn-static\"  >\n\t\t\t\t\t\t\t\t\t\t\t<div class=\"box-icon-wrapper  box-with-icon box-icon-simple\">\n\t\t\t\t\t\t\t<div class=\"info-box-icon\">\n\n\t\t\t\t\t\t\t\n\t\t\t\t\t\t\t\t\t\t\t\t\t\t\t\t\t<img width=\"80\" height=\"80\" src=\"https:\/\/turklongboard.s3.eu-central-1.amazonaws.com\/wp-content\/uploads\/2020\/09\/06143815\/Longboard-Nedir-100x100.png\" class=\"attachment-80x80 size-80x80\" alt=\"Longboard-Nedir-ikon\" decoding=\"async\" loading=\"lazy\" srcset=\"https:\/\/turklongboard.s3.eu-central-1.amazonaws.com\/wp-content\/uploads\/2020\/09\/06143815\/Longboard-Nedir-100x100.png 100w, https:\/\/turklongboard.s3.eu-central-1.amazonaws.com\/wp-content\/uploads\/2020\/09\/06143815\/Longboard-Nedir-150x150.png 150w, https:\/\/turklongboard.s3.eu-central-1.amazonaws.com\/wp-content\/uploads\/2020\/09\/06143815\/Longboard-Nedir-600x600.png 600w, https:\/\/turklongboard.s3.eu-central-1.amazonaws.com\/wp-content\/uploads\/2020\/09\/06143815\/Longboard-Nedir-300x300.png 300w\" sizes=\"(max-width: 80px) 100vw, 80px\" title=\"\">\t\t\t\t\t\t\t\t\t\t\t\t\t\t\t\n\t\t\t\t\t\t\t<\/div>\n\t\t\t\t\t\t<\/div>\n\t\t\t\t\t\t\t\t\t\t<div class=\"info-box-content\">\n\t\t\t\t\t\t<h4 class=\"info-box-title title box-title-style-default wd-fontsize-m\">The Your Story<\/h4>\t\t\t\t\t\t<div class=\"info-box-inner set-cont-mb-s reset-last-child\"><p>Meeting Stories of Our Members with Longboard Sport<\/p>\n<\/div>\n\n\t\t\t\t\t\t<div class=\"info-btn-wrapper\"><div id=\"wd-69d7dbc24bcc8\" class=\"wd-button-wrapper text-center\"><a href=\"https:\/\/turklongboard.org\/english\/category\/bu-senin-hikayen\/\" title=\"\" class=\"btn btn-color-primary btn-style-default btn-style-rectangle btn-size-small\">Read More<\/a><\/div><\/div>\t\t\t\t\t<\/div>\n\n\t\t\t\t\t\t\t\t\t<\/div>\n\t\t\t<\/div>\n\t\t<\/div><\/div><\/div><\/div><div class=\"vc_row wpb_row vc_row-fluid vc_custom_1535363607928 vc_row-o-content-top vc_row-flex\"><div class=\"wpb_column vc_column_container vc_col-sm-4\"><div class=\"vc_column-inner\"><div class=\"wpb_wrapper\">\t\t\t<div class=\"info-box-wrapper\">\n\t\t\t\t<div id=\"wd-5fc269040115f\" class=\"wd-rs-5fc269040115f wd-info-box wd-wpb text-center box-icon-align-top box-style-shadow color-scheme- wd-bg-none with-btn box-btn-static\"  >\n\t\t\t\t\t\t\t\t\t\t\t<div class=\"box-icon-wrapper  box-with-icon box-icon-simple\">\n\t\t\t\t\t\t\t<div class=\"info-box-icon\">\n\n\t\t\t\t\t\t\t\n\t\t\t\t\t\t\t\t\t\t\t\t\t\t\t\t\t<img width=\"80\" height=\"80\" src=\"https:\/\/turklongboard.s3.eu-central-1.amazonaws.com\/wp-content\/uploads\/2020\/09\/06143818\/sorf-100x100.png\" class=\"attachment-80x80 size-80x80\" alt=\"dalga-sorfu-ikon\" decoding=\"async\" loading=\"lazy\" srcset=\"https:\/\/turklongboard.s3.eu-central-1.amazonaws.com\/wp-content\/uploads\/2020\/09\/06143818\/sorf-100x100.png 100w, https:\/\/turklongboard.s3.eu-central-1.amazonaws.com\/wp-content\/uploads\/2020\/09\/06143818\/sorf-150x150.png 150w, https:\/\/turklongboard.s3.eu-central-1.amazonaws.com\/wp-content\/uploads\/2020\/09\/06143818\/sorf-600x600.png 600w, https:\/\/turklongboard.s3.eu-central-1.amazonaws.com\/wp-content\/uploads\/2020\/09\/06143818\/sorf-300x300.png 300w\" sizes=\"(max-width: 80px) 100vw, 80px\" title=\"\">\t\t\t\t\t\t\t\t\t\t\t\t\t\t\t\n\t\t\t\t\t\t\t<\/div>\n\t\t\t\t\t\t<\/div>\n\t\t\t\t\t\t\t\t\t\t<div class=\"info-box-content\">\n\t\t\t\t\t\t<h4 class=\"info-box-title title box-title-style-default wd-fontsize-m\">Wave Surfing<\/h4>\t\t\t\t\t\t<div class=\"info-box-inner set-cont-mb-s reset-last-child\"><p>All About Wave Surfing<\/p>\n<\/div>\n\n\t\t\t\t\t\t<div class=\"info-btn-wrapper\"><div id=\"wd-69d7dbc24cd9c\" class=\"wd-button-wrapper text-center\"><a href=\"https:\/\/turklongboard.org\/english\/category\/dalga-sorfu\/\" title=\"\" class=\"btn btn-color-primary btn-style-default btn-style-rectangle btn-size-small\">Read More<\/a><\/div><\/div>\t\t\t\t\t<\/div>\n\n\t\t\t\t\t\t\t\t\t<\/div>\n\t\t\t<\/div>\n\t\t<\/div><\/div><\/div><div class=\"wpb_column vc_column_container vc_col-sm-4\"><div class=\"vc_column-inner\"><div class=\"wpb_wrapper\">\t\t\t<div class=\"info-box-wrapper\">\n\t\t\t\t<div id=\"wd-5fc2690b7122b\" class=\"wd-rs-5fc2690b7122b wd-info-box wd-wpb text-center box-icon-align-top box-style-shadow color-scheme- wd-bg-none with-btn box-btn-static\"  >\n\t\t\t\t\t\t\t\t\t\t\t<div class=\"box-icon-wrapper  box-with-icon box-icon-simple\">\n\t\t\t\t\t\t\t<div class=\"info-box-icon\">\n\n\t\t\t\t\t\t\t\n\t\t\t\t\t\t\t\t\t\t\t\t\t\t\t\t\t<img width=\"80\" height=\"80\" src=\"https:\/\/turklongboard.s3.eu-central-1.amazonaws.com\/wp-content\/uploads\/2020\/09\/06143816\/fingerboard-icon-100x100.png\" class=\"attachment-80x80 size-80x80\" alt=\"fingerboard-ikon\" decoding=\"async\" loading=\"lazy\" srcset=\"https:\/\/turklongboard.s3.eu-central-1.amazonaws.com\/wp-content\/uploads\/2020\/09\/06143816\/fingerboard-icon-100x100.png 100w, https:\/\/turklongboard.s3.eu-central-1.amazonaws.com\/wp-content\/uploads\/2020\/09\/06143816\/fingerboard-icon-150x150.png 150w, https:\/\/turklongboard.s3.eu-central-1.amazonaws.com\/wp-content\/uploads\/2020\/09\/06143816\/fingerboard-icon-600x600.png 600w, https:\/\/turklongboard.s3.eu-central-1.amazonaws.com\/wp-content\/uploads\/2020\/09\/06143816\/fingerboard-icon-300x300.png 300w\" sizes=\"(max-width: 80px) 100vw, 80px\" title=\"\">\t\t\t\t\t\t\t\t\t\t\t\t\t\t\t\n\t\t\t\t\t\t\t<\/div>\n\t\t\t\t\t\t<\/div>\n\t\t\t\t\t\t\t\t\t\t<div class=\"info-box-content\">\n\t\t\t\t\t\t<h4 class=\"info-box-title title box-title-style-default wd-fontsize-m\">Fingerboard<\/h4>\t\t\t\t\t\t<div class=\"info-box-inner set-cont-mb-s reset-last-child\"><p>All About Fingerboard<\/p>\n<\/div>\n\n\t\t\t\t\t\t<div class=\"info-btn-wrapper\"><div id=\"wd-69d7dbc24dd60\" class=\"wd-button-wrapper text-center\"><a href=\"https:\/\/turklongboard.org\/english\/category\/fingerboard\/\" title=\"\" class=\"btn btn-color-primary btn-style-default btn-style-rectangle btn-size-small\">Read More<\/a><\/div><\/div>\t\t\t\t\t<\/div>\n\n\t\t\t\t\t\t\t\t\t<\/div>\n\t\t\t<\/div>\n\t\t<\/div><\/div><\/div><div class=\"wpb_column vc_column_container vc_col-sm-4\"><div class=\"vc_column-inner\"><div class=\"wpb_wrapper\">\t\t\t<div class=\"info-box-wrapper\">\n\t\t\t\t<div id=\"wd-5fc269146059e\" class=\"wd-rs-5fc269146059e wd-info-box wd-wpb text-center box-icon-align-top box-style-shadow color-scheme- wd-bg-none with-btn box-btn-static\"  >\n\t\t\t\t\t\t\t\t\t\t\t<div class=\"box-icon-wrapper  box-with-icon box-icon-simple\">\n\t\t\t\t\t\t\t<div class=\"info-box-icon\">\n\n\t\t\t\t\t\t\t\n\t\t\t\t\t\t\t\t\t\t\t\t\t\t\t\t\t<img width=\"80\" height=\"80\" src=\"https:\/\/turklongboard.s3.eu-central-1.amazonaws.com\/wp-content\/uploads\/2020\/09\/06143816\/extreme-sports-logo-100x100.png\" class=\"attachment-80x80 size-80x80\" alt=\"extreme-sports-logo-icon\" decoding=\"async\" loading=\"lazy\" srcset=\"https:\/\/turklongboard.s3.eu-central-1.amazonaws.com\/wp-content\/uploads\/2020\/09\/06143816\/extreme-sports-logo-100x100.png 100w, https:\/\/turklongboard.s3.eu-central-1.amazonaws.com\/wp-content\/uploads\/2020\/09\/06143816\/extreme-sports-logo-150x150.png 150w, https:\/\/turklongboard.s3.eu-central-1.amazonaws.com\/wp-content\/uploads\/2020\/09\/06143816\/extreme-sports-logo-600x600.png 600w, https:\/\/turklongboard.s3.eu-central-1.amazonaws.com\/wp-content\/uploads\/2020\/09\/06143816\/extreme-sports-logo-300x300.png 300w\" sizes=\"(max-width: 80px) 100vw, 80px\" title=\"\">\t\t\t\t\t\t\t\t\t\t\t\t\t\t\t\n\t\t\t\t\t\t\t<\/div>\n\t\t\t\t\t\t<\/div>\n\t\t\t\t\t\t\t\t\t\t<div class=\"info-box-content\">\n\t\t\t\t\t\t<h4 class=\"info-box-title title box-title-style-default wd-fontsize-m\">Extreme Sports<\/h4>\t\t\t\t\t\t<div class=\"info-box-inner set-cont-mb-s reset-last-child\"><p>All About Extreme Sports<\/p>\n<\/div>\n\n\t\t\t\t\t\t<div class=\"info-btn-wrapper\"><div id=\"wd-69d7dbc24ec03\" class=\"wd-button-wrapper text-center\"><a href=\"https:\/\/turklongboard.org\/english\/category\/extreme-sporlar\/\" title=\"\" class=\"btn btn-color-primary btn-style-default btn-style-rectangle btn-size-small\">Read More<\/a><\/div><\/div>\t\t\t\t\t<\/div>\n\n\t\t\t\t\t\t\t\t\t<\/div>\n\t\t\t<\/div>\n\t\t<\/div><\/div><\/div><\/div>\n<\/div>","protected":false},"excerpt":{"rendered":"Bloglar Longboard Longboard Hakk\u0131nda Her \u015eey Daha Fazlas\u0131n\u0131 G\u00f6r Bu Senin Hikayen \u00dcyelerimizin Longboard Sporuyla Tan\u0131\u015fma Hikayeleri Daha Fazlas\u0131n\u0131 G\u00f6r","protected":false},"author":5,"featured_media":14140,"parent":0,"menu_order":0,"comment_status":"closed","ping_status":"closed","template":"","meta":{"footnotes":""},"_links":{"self":[{"href":"https:\/\/turklongboard.org\/english\/wp-json\/wp\/v2\/pages\/12287"}],"collection":[{"href":"https:\/\/turklongboard.org\/english\/wp-json\/wp\/v2\/pages"}],"about":[{"href":"https:\/\/turklongboard.org\/english\/wp-json\/wp\/v2\/types\/page"}],"author":[{"embeddable":true,"href":"https:\/\/turklongboard.org\/english\/wp-json\/wp\/v2\/users\/5"}],"replies":[{"embeddable":true,"href":"https:\/\/turklongboard.org\/english\/wp-json\/wp\/v2\/comments?post=12287"}],"version-history":[{"count":15,"href":"https:\/\/turklongboard.org\/english\/wp-json\/wp\/v2\/pages\/12287\/revisions"}],"predecessor-version":[{"id":14227,"href":"https:\/\/turklongboard.org\/english\/wp-json\/wp\/v2\/pages\/12287\/revisions\/14227"}],"wp:featuredmedia":[{"embeddable":true,"href":"https:\/\/turklongboard.org\/english\/wp-json\/wp\/v2\/media\/14140"}],"wp:attachment":[{"href":"https:\/\/turklongboard.org\/english\/wp-json\/wp\/v2\/media?parent=12287"}],"curies":[{"name":"wp","href":"https:\/\/api.w.org\/{rel}","templated":true}]}}