{"id":12723,"date":"2020-09-25T18:33:47","date_gmt":"2020-09-25T18:33:47","guid":{"rendered":"http:\/\/turklongboard.org\/?page_id=12723"},"modified":"2020-12-01T14:35:22","modified_gmt":"2020-12-01T14:35:22","slug":"butun-etkinlikler","status":"publish","type":"page","link":"https:\/\/turklongboard.org\/english\/butun-etkinlikler\/","title":{"rendered":"B\u00fct\u00fcn Etkinlikler"},"content":{"rendered":"<div class=\"wpb-content-wrapper\"><div class=\"vc_row wpb_row vc_row-fluid\"><div class=\"wpb_column vc_column_container vc_col-sm-12\"><div class=\"vc_column-inner\"><div class=\"wpb_wrapper\">\t\t\t<link rel=\"stylesheet\" id=\"wd-section-title-css\" href=\"https:\/\/turklongboard.org\/wp-content\/themes\/woodmart\/css\/parts\/el-section-title.min.css?ver=7.3.2\" type=\"text\/css\" media=\"all\" \/> \t\t\t\t\t\t<link rel=\"stylesheet\" id=\"wd-section-title-style-simple-and-brd-css\" href=\"https:\/\/turklongboard.org\/wp-content\/themes\/woodmart\/css\/parts\/el-section-title-style-simple-and-brd.min.css?ver=7.3.2\" type=\"text\/css\" media=\"all\" \/> \t\t\t\t\t\t<link rel=\"stylesheet\" id=\"wd-mod-highlighted-text-css\" href=\"https:\/\/turklongboard.org\/wp-content\/themes\/woodmart\/css\/parts\/mod-highlighted-text.min.css?ver=7.3.2\" type=\"text\/css\" media=\"all\" \/> \t\t\t\n\t\t<div id=\"wd-5f7b6852f17af\" class=\"title-wrapper wd-wpb set-mb-s reset-last-child  wd-rs-5f7b6852f17af wd-title-color-primary wd-title-style-bordered text-center vc_custom_1601923165021 wd-underline-colored\">\n\t\t\t\n\t\t\t<div class=\"liner-continer\">\n\t\t\t\t<h4 class=\"woodmart-title-container title  wd-font-weight-600 wd-fontsize-l\" >Turk Longboard Events<\/h4>\n\t\t\t\t\t\t\t<\/div>\n\t\t\t\n\t\t\t\n\t\t\t\n\t\t<\/div>\n\t\t\n\t\t<\/div><\/div><\/div><\/div><div class=\"vc_row wpb_row vc_row-fluid vc_custom_1535363607928 vc_row-o-content-top vc_row-flex\"><div class=\"wpb_column vc_column_container vc_col-sm-6\"><div class=\"vc_column-inner\"><div class=\"wpb_wrapper\">\t\t\t<link rel=\"stylesheet\" id=\"wd-info-box-css\" href=\"https:\/\/turklongboard.org\/wp-content\/themes\/woodmart\/css\/parts\/el-info-box.min.css?ver=7.3.2\" type=\"text\/css\" media=\"all\" \/> \t\t\t\t\t\t<link rel=\"stylesheet\" id=\"wd-info-box-style-shadow-and-bg-hover-css\" href=\"https:\/\/turklongboard.org\/wp-content\/themes\/woodmart\/css\/parts\/el-info-box-style-shadow-and-bg-hover.min.css?ver=7.3.2\" type=\"text\/css\" media=\"all\" \/> \t\t\t\t\t\t<div class=\"info-box-wrapper\">\n\t\t\t\t<div id=\"wd-5fc269e18c254\" class=\"wd-rs-5fc269e18c254 wd-info-box wd-wpb text-center box-icon-align-top box-style-shadow color-scheme- wd-bg-none with-btn box-btn-static\"  >\n\t\t\t\t\t\t\t\t\t\t\t<div class=\"box-icon-wrapper  box-with-icon box-icon-simple\">\n\t\t\t\t\t\t\t<div class=\"info-box-icon\">\n\n\t\t\t\t\t\t\t\n\t\t\t\t\t\t\t\t\t\t\t\t\t\t\t\t\t<img width=\"80\" height=\"80\" src=\"https:\/\/turklongboard.s3.eu-central-1.amazonaws.com\/wp-content\/uploads\/2020\/09\/06143720\/Gecmis-Etkinlikler-100x100.png\" class=\"attachment-80x80 size-80x80\" alt=\"Gelecek-Etkinlikler-\u0130kon\" decoding=\"async\" loading=\"lazy\" srcset=\"https:\/\/turklongboard.s3.eu-central-1.amazonaws.com\/wp-content\/uploads\/2020\/09\/06143720\/Gecmis-Etkinlikler-100x100.png 100w, https:\/\/turklongboard.s3.eu-central-1.amazonaws.com\/wp-content\/uploads\/2020\/09\/06143720\/Gecmis-Etkinlikler-150x150.png 150w, https:\/\/turklongboard.s3.eu-central-1.amazonaws.com\/wp-content\/uploads\/2020\/09\/06143720\/Gecmis-Etkinlikler-300x300.png 300w, https:\/\/turklongboard.s3.eu-central-1.amazonaws.com\/wp-content\/uploads\/2020\/09\/06143720\/Gecmis-Etkinlikler-600x600.png 600w\" sizes=\"(max-width: 80px) 100vw, 80px\" title=\"\">\t\t\t\t\t\t\t\t\t\t\t\t\t\t\t\n\t\t\t\t\t\t\t<\/div>\n\t\t\t\t\t\t<\/div>\n\t\t\t\t\t\t\t\t\t\t<div class=\"info-box-content\">\n\t\t\t\t\t\t<h4 class=\"info-box-title title box-title-style-default wd-fontsize-m\">Upcoming Events<\/h4>\t\t\t\t\t\t<div class=\"info-box-inner set-cont-mb-s reset-last-child\"><p>Turk Longboard Upcoming Events<\/p>\n<\/div>\n\n\t\t\t\t\t\t<div class=\"info-btn-wrapper\"><div id=\"wd-69d7dff99d77d\" class=\"wd-button-wrapper text-center\"><a href=\"https:\/\/turklongboard.org\/english\/butun-etkinlikler\/gelecek-etkinlikler\/\" title=\"Upcoming Events\" class=\"btn btn-color-primary btn-style-default btn-style-rectangle btn-size-small\">Read More<\/a><\/div><\/div>\t\t\t\t\t<\/div>\n\n\t\t\t\t\t\t\t\t\t<\/div>\n\t\t\t<\/div>\n\t\t<\/div><\/div><\/div><div class=\"wpb_column vc_column_container vc_col-sm-6\"><div class=\"vc_column-inner\"><div class=\"wpb_wrapper\">\t\t\t<div class=\"info-box-wrapper\">\n\t\t\t\t<div id=\"wd-5fc269efdcccb\" class=\"wd-rs-5fc269efdcccb wd-info-box wd-wpb text-center box-icon-align-top box-style-shadow color-scheme- wd-bg-none with-btn box-btn-static\"  >\n\t\t\t\t\t\t\t\t\t\t\t<div class=\"box-icon-wrapper  box-with-icon box-icon-simple\">\n\t\t\t\t\t\t\t<div class=\"info-box-icon\">\n\n\t\t\t\t\t\t\t\n\t\t\t\t\t\t\t\t\t\t\t\t\t\t\t\t\t<img width=\"80\" height=\"80\" src=\"https:\/\/turklongboard.s3.eu-central-1.amazonaws.com\/wp-content\/uploads\/2020\/09\/06143719\/Gecmis-Etkinlikler-1-100x100.png\" class=\"attachment-80x80 size-80x80\" alt=\"Gecmis-Etkinlikler-\u0130kon\" decoding=\"async\" loading=\"lazy\" srcset=\"https:\/\/turklongboard.s3.eu-central-1.amazonaws.com\/wp-content\/uploads\/2020\/09\/06143719\/Gecmis-Etkinlikler-1-100x100.png 100w, https:\/\/turklongboard.s3.eu-central-1.amazonaws.com\/wp-content\/uploads\/2020\/09\/06143719\/Gecmis-Etkinlikler-1-150x150.png 150w, https:\/\/turklongboard.s3.eu-central-1.amazonaws.com\/wp-content\/uploads\/2020\/09\/06143719\/Gecmis-Etkinlikler-1-300x300.png 300w, https:\/\/turklongboard.s3.eu-central-1.amazonaws.com\/wp-content\/uploads\/2020\/09\/06143719\/Gecmis-Etkinlikler-1-600x600.png 600w\" sizes=\"(max-width: 80px) 100vw, 80px\" title=\"\">\t\t\t\t\t\t\t\t\t\t\t\t\t\t\t\n\t\t\t\t\t\t\t<\/div>\n\t\t\t\t\t\t<\/div>\n\t\t\t\t\t\t\t\t\t\t<div class=\"info-box-content\">\n\t\t\t\t\t\t<h4 class=\"info-box-title title box-title-style-default wd-fontsize-m\">Past Events<\/h4>\t\t\t\t\t\t<div class=\"info-box-inner set-cont-mb-s reset-last-child\"><p>Turk Longboard Past Events<\/p>\n<\/div>\n\n\t\t\t\t\t\t<div class=\"info-btn-wrapper\"><div id=\"wd-69d7dff99e6be\" class=\"wd-button-wrapper text-center\"><a href=\"https:\/\/turklongboard.org\/english\/butun-etkinlikler\/gecmis-etkinlikler\/\" title=\"Past Events\" class=\"btn btn-color-primary btn-style-default btn-style-rectangle btn-size-small\">Read More<\/a><\/div><\/div>\t\t\t\t\t<\/div>\n\n\t\t\t\t\t\t\t\t\t<\/div>\n\t\t\t<\/div>\n\t\t<\/div><\/div><\/div><\/div>\n<\/div>","protected":false},"excerpt":{"rendered":"Turk Longboard Etkinlikleri Gelecek Etkinlikler Turk Longboard Yakla\u015fan Etkinlikleri Daha Fazlas\u0131n\u0131 G\u00f6r Ge\u00e7mi\u015f Etkinlikler Turk Longboard Ge\u00e7mi\u015f Etkinlikler Daha Fazlas\u0131n\u0131","protected":false},"author":5,"featured_media":14126,"parent":0,"menu_order":0,"comment_status":"closed","ping_status":"closed","template":"","meta":{"footnotes":""},"_links":{"self":[{"href":"https:\/\/turklongboard.org\/english\/wp-json\/wp\/v2\/pages\/12723"}],"collection":[{"href":"https:\/\/turklongboard.org\/english\/wp-json\/wp\/v2\/pages"}],"about":[{"href":"https:\/\/turklongboard.org\/english\/wp-json\/wp\/v2\/types\/page"}],"author":[{"embeddable":true,"href":"https:\/\/turklongboard.org\/english\/wp-json\/wp\/v2\/users\/5"}],"replies":[{"embeddable":true,"href":"https:\/\/turklongboard.org\/english\/wp-json\/wp\/v2\/comments?post=12723"}],"version-history":[{"count":9,"href":"https:\/\/turklongboard.org\/english\/wp-json\/wp\/v2\/pages\/12723\/revisions"}],"predecessor-version":[{"id":14229,"href":"https:\/\/turklongboard.org\/english\/wp-json\/wp\/v2\/pages\/12723\/revisions\/14229"}],"wp:featuredmedia":[{"embeddable":true,"href":"https:\/\/turklongboard.org\/english\/wp-json\/wp\/v2\/media\/14126"}],"wp:attachment":[{"href":"https:\/\/turklongboard.org\/english\/wp-json\/wp\/v2\/media?parent=12723"}],"curies":[{"name":"wp","href":"https:\/\/api.w.org\/{rel}","templated":true}]}}