{"id":130,"date":"2020-09-12T12:17:40","date_gmt":"2020-09-12T12:17:40","guid":{"rendered":"http:\/\/turklongboard.org\/?page_id=130"},"modified":"2023-02-13T19:11:06","modified_gmt":"2023-02-13T19:11:06","slug":"sikca-sorulan-sorular","status":"publish","type":"page","link":"https:\/\/turklongboard.org\/english\/longboard-akademi\/sikca-sorulan-sorular\/","title":{"rendered":"Frequently Asked Questions"},"content":{"rendered":"<div class=\"wpb-content-wrapper\"><div class=\"vc_row wpb_row vc_row-fluid\"><div class=\"wpb_column vc_column_container vc_col-sm-12\"><div class=\"vc_column-inner\"><div class=\"wpb_wrapper\">\t\t\t<link rel=\"stylesheet\" id=\"wd-section-title-css\" href=\"https:\/\/turklongboard.org\/wp-content\/themes\/woodmart\/css\/parts\/el-section-title.min.css?ver=7.3.2\" type=\"text\/css\" media=\"all\" \/> \t\t\t\t\t\t<link rel=\"stylesheet\" id=\"wd-section-title-style-simple-and-brd-css\" href=\"https:\/\/turklongboard.org\/wp-content\/themes\/woodmart\/css\/parts\/el-section-title-style-simple-and-brd.min.css?ver=7.3.2\" type=\"text\/css\" media=\"all\" \/> \t\t\t\t\t\t<link rel=\"stylesheet\" id=\"wd-mod-highlighted-text-css\" href=\"https:\/\/turklongboard.org\/wp-content\/themes\/woodmart\/css\/parts\/mod-highlighted-text.min.css?ver=7.3.2\" type=\"text\/css\" media=\"all\" \/> \t\t\t\n\t\t<div id=\"wd-5f7b641013c95\" class=\"title-wrapper wd-wpb set-mb-s reset-last-child  wd-rs-5f7b641013c95 wd-title-color-default wd-title-style-bordered text-center  wd-underline-colored\">\n\t\t\t\n\t\t\t<div class=\"liner-continer\">\n\t\t\t\t<h4 class=\"woodmart-title-container title  wd-font-weight- wd-fontsize-l\" >Frequently Asked Questions About Longboarding (FAQ)<\/h4>\n\t\t\t\t\t\t\t<\/div>\n\t\t\t\n\t\t\t\n\t\t\t\n\t\t<\/div>\n\t\t\n\t\t<div class=\"vc_tta-container\" data-vc-action=\"collapseAll\"><div class=\"vc_general vc_tta vc_tta-accordion vc_tta-color-white vc_tta-style-classic vc_tta-shape-square vc_tta-o-shape-group vc_tta-controls-align-default vc_tta-o-no-fill vc_tta-o-all-clickable\"><div class=\"vc_tta-panels-container\"><div class=\"vc_tta-panels\"><div class=\"vc_tta-panel vc_active\" id=\"1484652030151-41d816a1-ec06fbfb-0fac\" data-vc-content=\".vc_tta-panel-body\"><div class=\"vc_tta-panel-heading\"><h4 class=\"vc_tta-panel-title vc_tta-controls-icon-position-right\"><a href=\"#1484652030151-41d816a1-ec06fbfb-0fac\" data-vc-accordion data-vc-container=\".vc_tta-container\"><span class=\"vc_tta-title-text\">What is a Longboard?<\/span><i class=\"vc_tta-controls-icon vc_tta-controls-icon-chevron\"><\/i><\/a><\/h4><\/div><div class=\"vc_tta-panel-body\">\n\t<div class=\"wpb_text_column wpb_content_element\" >\n\t\t<div class=\"wpb_wrapper\">\n\t\t\t<p>Longboard Sport is a sport that American surfers started in the 1950s when they could not find waves, so they could surf on land. They produced the first longboards by attaching the trucks and wheels of Quad skates under the surfboards. It would not be wrong to think of longboard sport in the logic of wave surfing because we can see Longboard movements such as Cross Step and Hang Ten in surfing. Based on this information, we can define Longboard as surfing on land.<\/p>\n\n\t\t<\/div>\n\t<\/div>\n<\/div><\/div><div class=\"vc_tta-panel\" id=\"1484652030238-302a2c7c-fe6ffbfb-0fac\" data-vc-content=\".vc_tta-panel-body\"><div class=\"vc_tta-panel-heading\"><h4 class=\"vc_tta-panel-title vc_tta-controls-icon-position-right\"><a href=\"#1484652030238-302a2c7c-fe6ffbfb-0fac\" data-vc-accordion data-vc-container=\".vc_tta-container\"><span class=\"vc_tta-title-text\">What Are the Types Of Longboaring?<\/span><i class=\"vc_tta-controls-icon vc_tta-controls-icon-chevron\"><\/i><\/a><\/h4><\/div><div class=\"vc_tta-panel-body\">\n\t<div class=\"wpb_text_column wpb_content_element\" >\n\t\t<div class=\"wpb_wrapper\">\n\t\t\t<p>There are 5 generally accepted styles in longboard sport.<\/p>\n<p><strong>1. Style (Downhill \/ Freeride) -\u00a0<\/strong><a href=\"https:\/\/www.youtube.com\/watch?v=tl4rKekom9I&amp;t=108s\" target=\"_blank\" rel=\"noopener\"><strong>Video<\/strong><\/a><\/p>\n<p><strong>2.Style (Dance) -\u00a0<\/strong><a href=\"https:\/\/www.youtube.com\/watch?v=Z3co6ahayPM&amp;t=95s\" target=\"_blank\" rel=\"noopener\"><strong>Video<\/strong><\/a><\/p>\n<p><strong>3. Style ( Freestyle ) \u2013\u00a0<\/strong><a href=\"https:\/\/www.youtube.com\/watch?v=ekHZaj_pui0\" target=\"_blank\" rel=\"noopener\"><strong>Video<\/strong><\/a><\/p>\n<p><strong>4. Style ( Cruiser ) \u2013<\/strong><a href=\"https:\/\/www.youtube.com\/watch?v=jjofWRDLlZE&amp;t=52s\" target=\"_blank\" rel=\"noopener\"><strong>\u00a0Video<\/strong><\/a><\/p>\n<p><strong>5. Style ( Slalom,\u00a0 Pumping, Carve ) \u2013 <\/strong><a href=\"https:\/\/www.youtube.com\/watch?v=8_p8mAUMC_g\" target=\"_blank\" rel=\"noopener\"><strong>Video<\/strong><\/a><\/p>\n\n\t\t<\/div>\n\t<\/div>\n<\/div><\/div><div class=\"vc_tta-panel\" id=\"1484652030190-407b08ef-5de7fbfb-0fac\" data-vc-content=\".vc_tta-panel-body\"><div class=\"vc_tta-panel-heading\"><h4 class=\"vc_tta-panel-title vc_tta-controls-icon-position-right\"><a href=\"#1484652030190-407b08ef-5de7fbfb-0fac\" data-vc-accordion data-vc-container=\".vc_tta-container\"><span class=\"vc_tta-title-text\">What Does Turk Longboard Do?<\/span><i class=\"vc_tta-controls-icon vc_tta-controls-icon-chevron\"><\/i><\/a><\/h4><\/div><div class=\"vc_tta-panel-body\">\n\t<div class=\"wpb_text_column wpb_content_element\" >\n\t\t<div class=\"wpb_wrapper\">\n\t\t\t<p>Turk Longboard aims to be one of the leading longboard communities around the world and to spread the culture of longboarding by giving sposorships and organizing activities for people of all ages. Anyone who doesn\u2019t know how to longboard but wants to know more about longboarding can join these activities. Every organization that is organized by Turk Longboard is free to join. Sometimes an organization\u2019s food, transportation fees are covered by Turk Longboard.<\/p>\n\n\t\t<\/div>\n\t<\/div>\n<\/div><\/div><div class=\"vc_tta-panel\" id=\"1601215193143-427f88d0-2c44\" data-vc-content=\".vc_tta-panel-body\"><div class=\"vc_tta-panel-heading\"><h4 class=\"vc_tta-panel-title vc_tta-controls-icon-position-right\"><a href=\"#1601215193143-427f88d0-2c44\" data-vc-accordion data-vc-container=\".vc_tta-container\"><span class=\"vc_tta-title-text\">How Can I Join Turk Longbard Activities?<\/span><i class=\"vc_tta-controls-icon vc_tta-controls-icon-chevron\"><\/i><\/a><\/h4><\/div><div class=\"vc_tta-panel-body\">\n\t<div class=\"wpb_text_column wpb_content_element\" >\n\t\t<div class=\"wpb_wrapper\">\n\t\t\t<p>By becoming a member of the Turk Longboard Community, you can learn about the events via e-mail or text message. You can provide instant communication in our chat groups.<\/p>\n\n\t\t<\/div>\n\t<\/div>\n<\/div><\/div><div class=\"vc_tta-panel\" id=\"1601215252012-3e598d3f-f240\" data-vc-content=\".vc_tta-panel-body\"><div class=\"vc_tta-panel-heading\"><h4 class=\"vc_tta-panel-title vc_tta-controls-icon-position-right\"><a href=\"#1601215252012-3e598d3f-f240\" data-vc-accordion data-vc-container=\".vc_tta-container\"><span class=\"vc_tta-title-text\">Are There Any Age Restrictions For Turk Longboard Memberships?<\/span><i class=\"vc_tta-controls-icon vc_tta-controls-icon-chevron\"><\/i><\/a><\/h4><\/div><div class=\"vc_tta-panel-body\">\n\t<div class=\"wpb_text_column wpb_content_element\" >\n\t\t<div class=\"wpb_wrapper\">\n\t\t\t<p>There is no age restriction for joining Turk Longboard\u2019s activities because anyone from any age can do this sport.<\/p>\n\n\t\t<\/div>\n\t<\/div>\n<\/div><\/div><div class=\"vc_tta-panel\" id=\"1484652030262-e10da133-51b0fbfb-0fac\" data-vc-content=\".vc_tta-panel-body\"><div class=\"vc_tta-panel-heading\"><h4 class=\"vc_tta-panel-title vc_tta-controls-icon-position-right\"><a href=\"#1484652030262-e10da133-51b0fbfb-0fac\" data-vc-accordion data-vc-container=\".vc_tta-container\"><span class=\"vc_tta-title-text\">How Does Turk Longboard\u2019s Membership Process Work?<\/span><i class=\"vc_tta-controls-icon vc_tta-controls-icon-chevron\"><\/i><\/a><\/h4><\/div><div class=\"vc_tta-panel-body\">\n\t<div class=\"wpb_text_column wpb_content_element\" >\n\t\t<div class=\"wpb_wrapper\">\n\t\t\t<p>You can join our community from Turk Longboard\u2019s website homepage. Our representatives will examine your application; the final result will be announced in 24-48 hours from application time via short message or mail.<\/p>\n\n\t\t<\/div>\n\t<\/div>\n<\/div><\/div><div class=\"vc_tta-panel\" id=\"1601928730579-6a7bd339-31e1\" data-vc-content=\".vc_tta-panel-body\"><div class=\"vc_tta-panel-heading\"><h4 class=\"vc_tta-panel-title vc_tta-controls-icon-position-right\"><a href=\"#1601928730579-6a7bd339-31e1\" data-vc-accordion data-vc-container=\".vc_tta-container\"><span class=\"vc_tta-title-text\">How are the Directors of Turk Longboard selected?<\/span><i class=\"vc_tta-controls-icon vc_tta-controls-icon-chevron\"><\/i><\/a><\/h4><\/div><div class=\"vc_tta-panel-body\">\n\t<div class=\"wpb_text_column wpb_content_element\" >\n\t\t<div class=\"wpb_wrapper\">\n\t\t\t<p>Turk Longboard\u2019s Board of Directors is made up by 11 people. During projects or when a new decision is being made, everyone\u2019s vote is counted equal. Our city representatives select the Board of Directors once in every 3 years. In order to be a candidate for The Board of Directors you must first become a city representative or be one of the founder members.<\/p>\n\n\t\t<\/div>\n\t<\/div>\n<\/div><\/div><div class=\"vc_tta-panel\" id=\"1484652030219-c6960c7e-ee62fbfb-0fac\" data-vc-content=\".vc_tta-panel-body\"><div class=\"vc_tta-panel-heading\"><h4 class=\"vc_tta-panel-title vc_tta-controls-icon-position-right\"><a href=\"#1484652030219-c6960c7e-ee62fbfb-0fac\" data-vc-accordion data-vc-container=\".vc_tta-container\"><span class=\"vc_tta-title-text\">What is Turk Longboad Representation<\/span><i class=\"vc_tta-controls-icon vc_tta-controls-icon-chevron\"><\/i><\/a><\/h4><\/div><div class=\"vc_tta-panel-body\">\n\t<div class=\"wpb_text_column wpb_content_element\" >\n\t\t<div class=\"wpb_wrapper\">\n\t\t\t<p>Their aim is to spread our community to the cities they are located in, and to convey the sponsorships to the ones sponsored located in that city. They must organize events respectively to their city and should be a good example of our community. They must also get in contact with people who want to be a part of our community. The application of a person to be a representative is examined by our pre-existing representatives.<\/p>\n\n\t\t<\/div>\n\t<\/div>\n<\/div><\/div><\/div><\/div><\/div><\/div><\/div><\/div><\/div><\/div>\n<\/div>","protected":false},"excerpt":{"rendered":"Longboard Hakk\u0131nda Merak Edilen Sorular Longboard Nedir? Longboard Sporu, Amerikal\u0131 S\u00f6rf\u00e7\u00fclerin 1950\u2019li y\u0131llarda dalga bulamad\u0131klar\u0131 zamanlarda karada s\u00f6rf yapabilmeleri i\u00e7in","protected":false},"author":5,"featured_media":14159,"parent":93,"menu_order":0,"comment_status":"closed","ping_status":"closed","template":"","meta":{"footnotes":""},"_links":{"self":[{"href":"https:\/\/turklongboard.org\/english\/wp-json\/wp\/v2\/pages\/130"}],"collection":[{"href":"https:\/\/turklongboard.org\/english\/wp-json\/wp\/v2\/pages"}],"about":[{"href":"https:\/\/turklongboard.org\/english\/wp-json\/wp\/v2\/types\/page"}],"author":[{"embeddable":true,"href":"https:\/\/turklongboard.org\/english\/wp-json\/wp\/v2\/users\/5"}],"replies":[{"embeddable":true,"href":"https:\/\/turklongboard.org\/english\/wp-json\/wp\/v2\/comments?post=130"}],"version-history":[{"count":23,"href":"https:\/\/turklongboard.org\/english\/wp-json\/wp\/v2\/pages\/130\/revisions"}],"predecessor-version":[{"id":16745,"href":"https:\/\/turklongboard.org\/english\/wp-json\/wp\/v2\/pages\/130\/revisions\/16745"}],"up":[{"embeddable":true,"href":"https:\/\/turklongboard.org\/english\/wp-json\/wp\/v2\/pages\/93"}],"wp:featuredmedia":[{"embeddable":true,"href":"https:\/\/turklongboard.org\/english\/wp-json\/wp\/v2\/media\/14159"}],"wp:attachment":[{"href":"https:\/\/turklongboard.org\/english\/wp-json\/wp\/v2\/media?parent=130"}],"curies":[{"name":"wp","href":"https:\/\/api.w.org\/{rel}","templated":true}]}}