{"id":13178,"date":"2020-09-29T12:01:14","date_gmt":"2020-09-29T12:01:14","guid":{"rendered":"http:\/\/turklongboard.org\/?page_id=13178"},"modified":"2023-02-13T19:20:12","modified_gmt":"2023-02-13T19:20:12","slug":"cerez-politikasi","status":"publish","type":"page","link":"https:\/\/turklongboard.org\/english\/gizlilik-politikasi\/cerez-politikasi\/","title":{"rendered":"Cookie Policy\/Cookies"},"content":{"rendered":"<div class=\"wpb-content-wrapper\"><div class=\"vc_row wpb_row vc_row-fluid\"><div class=\"wpb_column vc_column_container vc_col-sm-12\"><div class=\"vc_column-inner\"><div class=\"wpb_wrapper\">\t\t\t<link rel=\"stylesheet\" id=\"wd-section-title-css\" href=\"https:\/\/turklongboard.org\/wp-content\/themes\/woodmart\/css\/parts\/el-section-title.min.css?ver=7.3.2\" type=\"text\/css\" media=\"all\" \/> \t\t\t\t\t\t<link rel=\"stylesheet\" id=\"wd-section-title-style-simple-and-brd-css\" href=\"https:\/\/turklongboard.org\/wp-content\/themes\/woodmart\/css\/parts\/el-section-title-style-simple-and-brd.min.css?ver=7.3.2\" type=\"text\/css\" media=\"all\" \/> \t\t\t\t\t\t<link rel=\"stylesheet\" id=\"wd-mod-highlighted-text-css\" href=\"https:\/\/turklongboard.org\/wp-content\/themes\/woodmart\/css\/parts\/mod-highlighted-text.min.css?ver=7.3.2\" type=\"text\/css\" media=\"all\" \/> \t\t\t\n\t\t<div id=\"wd-5f8c58ec7fd17\" class=\"title-wrapper wd-wpb set-mb-s reset-last-child  wd-rs-5f8c58ec7fd17 wd-title-color-default wd-title-style-bordered text-center  wd-underline-colored\">\n\t\t\t\n\t\t\t<div class=\"liner-continer\">\n\t\t\t\t<h4 class=\"woodmart-title-container title  wd-font-weight- wd-fontsize-l\" >Cookie Policy\/Cookies<\/h4>\n\t\t\t\t\t\t\t<\/div>\n\t\t\t\n\t\t\t\n\t\t\t\n\t\t<\/div>\n\t\t\n\t\t<\/div><\/div><\/div><\/div><div class=\"vc_row wpb_row vc_row-fluid\"><div class=\"wpb_column vc_column_container vc_col-sm-12\"><div class=\"vc_column-inner\"><div class=\"wpb_wrapper\">\n\t<div class=\"wpb_text_column wpb_content_element\" >\n\t\t<div class=\"wpb_wrapper\">\n\t\t\t<p>We use Cookies for you to benefit the best from our site and to improve experience of users.\nIf you don't prefer to use cookies, you can delete cookies from our browser's options or you can block them.\nBut we would like to remind that this can affect the use of our internet site.\nUnless you change your cookie settings from your browser, we will assume that you accept the use of cookies on this site.\nYou can access the regulations about the collected data from the Privacy Policy on our website.<\/p>\n\n\t\t<\/div>\n\t<\/div>\n<\/div><\/div><\/div><\/div><div class=\"vc_row wpb_row vc_row-fluid\"><div class=\"wpb_column vc_column_container vc_col-sm-12\"><div class=\"vc_column-inner\"><div class=\"wpb_wrapper\">\n\t<div class=\"wpb_text_column wpb_content_element\" >\n\t\t<div class=\"wpb_wrapper\">\n\t\t\t<h3>Cookies Used on the Website<\/h3>\n<h4>What Is A Cookie And Why Is It Used?<\/h4>\n<p>Cookies are small text files stored by websites you visit on your device or network server via browsers.<\/p>\n<p>The main purposes of using cookies on our website are listed below:<\/p>\n<ul class=\"list\">\n<li>To improve the services offered to you by increasing the functionality and performance of the website,<\/li>\n<li>To improve the Website and to offer new features on the Website and to personalize the offered features according to your preferences;<\/li>\n<li>To ensure the legal and commercial security of the Website, you and our Company.<\/li>\n<\/ul>\n\n\t\t<\/div>\n\t<\/div>\n<\/div><\/div><\/div><\/div><div class=\"vc_row wpb_row vc_row-fluid\"><div class=\"wpb_column vc_column_container vc_col-sm-12\"><div class=\"vc_column-inner\"><div class=\"wpb_wrapper\">\n\t<div class=\"wpb_text_column wpb_content_element\" >\n\t\t<div class=\"wpb_wrapper\">\n\t\t\t<div class=\"container\">\n<h4>Types of Cookies Used on Our Website<\/h4>\n<table class=\"statik-table xs-mb-20\">\n<tbody>\n<tr>\n<td width=\"160\">Session Cookies<br \/>\n<i>(Session Cookies)<\/i><\/td>\n<td>Session cookies are temporary cookies used during our visitors' visit to the Website and deleted after the browser is closed.<\/p>\n<p>The main purpose of using such cookies is to ensure the proper functioning of the Website during your visit.<\/p>\n<p>For instance; It is provided for you to fill in online forms consisting of multiple pages.<\/td>\n<\/tr>\n<tr>\n<td>Persistent Cookies<br \/>\n<i>(Persistent Cookies)<\/i><\/td>\n<td>Persistent cookies are types of cookies used to increase the functionality of the Website and to provide a faster and better service to our visitors.<\/p>\n<p>These types of cookies are used to remember your preferences and are stored on your device via browsers.<\/p>\n<p>Some types of persistent cookies can be used to offer you special suggestions, taking into account the purpose of using the Website.<\/p>\n<p>Thanks to persistent cookies, if you visit our Website again with the same device, it will be checked whether there is a cookie created by our Website on your device, and if there is, it will be understood that you have visited the site before and the content to be transmitted to you is determined accordingly and thus a better service is provided to you.<\/td>\n<\/tr>\n<\/tbody>\n<\/table>\n<h4>Types of Cookies Used on Our Website<\/h4>\n<table class=\"statik-table xs-mb-20\">\n<tbody>\n<tr>\n<td width=\"200\">Authentication Cookies<br \/>\n<i>(Authentication Cookies)<\/i><\/td>\n<td>If visitors log in to the website using their passwords, with such cookies, it is determined that the visitor is a site user on each page that the visitor visits on the website, and the user is prevented from re-entering his password on each page.<\/td>\n<\/tr>\n<tr>\n<td>Analytical Cookies<br \/>\n<i>(Analytical Cookies)<\/i><\/td>\n<td>Analytical cookies are cookies that enable the production of analytical results such as the number of visitors to the website, the detection of the pages displayed on the website, the website visit hours, and the scrolling movements of the website pages.<\/td>\n<\/tr>\n<\/tbody>\n<\/table>\n<\/div>\n\n\t\t<\/div>\n\t<\/div>\n<\/div><\/div><\/div><\/div>\n<\/div>","protected":false},"excerpt":{"rendered":"\u00c7erez Politikas\u0131 \u0130nternet sitemizden en iyi \u015fekilde faydalanabilmeniz ve kullan\u0131c\u0131 deneyiminizi geli\u015ftirebilmek i\u00e7in Cookie kullan\u0131yoruz. Cookie kullan\u0131lmas\u0131n\u0131 tercih etmezseniz taray\u0131c\u0131n\u0131z\u0131n","protected":false},"author":5,"featured_media":14144,"parent":25,"menu_order":0,"comment_status":"closed","ping_status":"closed","template":"","meta":{"footnotes":""},"_links":{"self":[{"href":"https:\/\/turklongboard.org\/english\/wp-json\/wp\/v2\/pages\/13178"}],"collection":[{"href":"https:\/\/turklongboard.org\/english\/wp-json\/wp\/v2\/pages"}],"about":[{"href":"https:\/\/turklongboard.org\/english\/wp-json\/wp\/v2\/types\/page"}],"author":[{"embeddable":true,"href":"https:\/\/turklongboard.org\/english\/wp-json\/wp\/v2\/users\/5"}],"replies":[{"embeddable":true,"href":"https:\/\/turklongboard.org\/english\/wp-json\/wp\/v2\/comments?post=13178"}],"version-history":[{"count":7,"href":"https:\/\/turklongboard.org\/english\/wp-json\/wp\/v2\/pages\/13178\/revisions"}],"predecessor-version":[{"id":13603,"href":"https:\/\/turklongboard.org\/english\/wp-json\/wp\/v2\/pages\/13178\/revisions\/13603"}],"up":[{"embeddable":true,"href":"https:\/\/turklongboard.org\/english\/wp-json\/wp\/v2\/pages\/25"}],"wp:featuredmedia":[{"embeddable":true,"href":"https:\/\/turklongboard.org\/english\/wp-json\/wp\/v2\/media\/14144"}],"wp:attachment":[{"href":"https:\/\/turklongboard.org\/english\/wp-json\/wp\/v2\/media?parent=13178"}],"curies":[{"name":"wp","href":"https:\/\/api.w.org\/{rel}","templated":true}]}}