{"id":14993,"date":"2021-09-30T21:49:04","date_gmt":"2021-09-30T21:49:04","guid":{"rendered":"https:\/\/turklongboard.org\/?page_id=14993"},"modified":"2024-04-10T10:16:20","modified_gmt":"2024-04-10T10:16:20","slug":"akademi","status":"publish","type":"page","link":"https:\/\/turklongboard.org\/english\/akademi\/","title":{"rendered":"Longboard Academy"},"content":{"rendered":"<div class=\"wpb-content-wrapper\"><div class=\"vc_row wpb_row vc_row-fluid\"><div class=\"wpb_column vc_column_container vc_col-sm-6\"><div class=\"vc_column-inner\"><div class=\"wpb_wrapper\">\t\t\t<link rel=\"stylesheet\" id=\"wd-section-title-css\" href=\"https:\/\/turklongboard.org\/wp-content\/themes\/woodmart\/css\/parts\/el-section-title.min.css?ver=7.3.2\" type=\"text\/css\" media=\"all\" \/> \t\t\t\t\t\t<link rel=\"stylesheet\" id=\"wd-section-title-style-under-and-over-css\" href=\"https:\/\/turklongboard.org\/wp-content\/themes\/woodmart\/css\/parts\/el-section-title-style-under-and-over.min.css?ver=7.3.2\" type=\"text\/css\" media=\"all\" \/> \t\t\t\t\t\t<link rel=\"stylesheet\" id=\"wd-mod-highlighted-text-css\" href=\"https:\/\/turklongboard.org\/wp-content\/themes\/woodmart\/css\/parts\/mod-highlighted-text.min.css?ver=7.3.2\" type=\"text\/css\" media=\"all\" \/> \t\t\t\n\t\t<div id=\"wd-64c52cc7487ee\" class=\"title-wrapper wd-wpb set-mb-s reset-last-child  wd-rs-64c52cc7487ee wd-title-color-primary wd-title-style-underlined text-left  wd-underline-colored\">\n\t\t\t\n\t\t\t<div class=\"liner-continer\">\n\t\t\t\t<h4 class=\"woodmart-title-container title  wd-font-weight- wd-fontsize-m\" >You can call our +90 505 682 12 40 Support Line for Training Appointment.<\/h4>\n\t\t\t\t\t\t\t<\/div>\n\t\t\t\n\t\t\t\n\t\t\t\n\t\t<\/div>\n\t\t\n\t\t\n\t<div  class=\"wpb_single_image wpb_content_element vc_align_left\">\n\t\t\n\t\t<figure class=\"wpb_wrapper vc_figure\">\n\t\t\t<div class=\"vc_single_image-wrapper   vc_box_border_grey\"><img width=\"1080\" height=\"1080\" src=\"https:\/\/turklongboard.s3.eu-central-1.amazonaws.com\/wp-content\/uploads\/2024\/04\/10100947\/longboard_egitimi.jpg\" class=\"vc_single_image-img attachment-full\" alt=\"\" decoding=\"async\" title=\"longboard_egitimi\" loading=\"lazy\" srcset=\"https:\/\/turklongboard.s3.eu-central-1.amazonaws.com\/wp-content\/uploads\/2024\/04\/10100947\/longboard_egitimi.jpg 1080w, https:\/\/turklongboard.s3.eu-central-1.amazonaws.com\/wp-content\/uploads\/2024\/04\/10100947\/longboard_egitimi-300x300.jpg 300w, https:\/\/turklongboard.s3.eu-central-1.amazonaws.com\/wp-content\/uploads\/2024\/04\/10100947\/longboard_egitimi-1024x1024.jpg 1024w, https:\/\/turklongboard.s3.eu-central-1.amazonaws.com\/wp-content\/uploads\/2024\/04\/10100947\/longboard_egitimi-150x150.jpg 150w, https:\/\/turklongboard.s3.eu-central-1.amazonaws.com\/wp-content\/uploads\/2024\/04\/10100947\/longboard_egitimi-768x768.jpg 768w, https:\/\/turklongboard.s3.eu-central-1.amazonaws.com\/wp-content\/uploads\/2024\/04\/10100947\/longboard_egitimi-12x12.jpg 12w\" sizes=\"(max-width: 1080px) 100vw, 1080px\"><\/div>\n\t\t<\/figure>\n\t<\/div>\n<\/div><\/div><\/div><div class=\"wpb_column vc_column_container vc_col-sm-6\"><div class=\"vc_column-inner\"><div class=\"wpb_wrapper\">\n\t\t<div id=\"wd-642bf8b4ca24c\" class=\"title-wrapper wd-wpb set-mb-s reset-last-child  wd-rs-642bf8b4ca24c wd-title-color-primary wd-title-style-underlined text-left  wd-underline-colored\">\n\t\t\t\n\t\t\t<div class=\"liner-continer\">\n\t\t\t\t<h4 class=\"woodmart-title-container title  wd-font-weight- wd-fontsize-m\" >Attention Students!<\/h4>\n\t\t\t\t\t\t\t<\/div>\n\t\t\t\n\t\t\t\n\t\t\t\n\t\t<\/div>\n\t\t\n\t\t\n\t<div class=\"wpb_text_column wpb_content_element\" >\n\t\t<div class=\"wpb_wrapper\">\n\t\t\t<ul>\n<li>Responsibility for accidents that may occur during the training belongs to the participant.<\/li>\n<li>Students under the age of 18 to attend the training are required to come with their parents or bring a permission slip.<\/li>\n<li>Students participating in the training must <strong>wear a helmet. <\/strong>If the instructor does not follow the rules, the instructor may end the lesson.<\/li>\n<li>Make your training appointment <strong>2 repeat cancellations<\/strong> The student's education will be canceled indefinitely.<\/li>\n<li>The student must be present at the designated location 15 minutes before the training.<\/li>\n<li>During the training, it is forbidden to record the training with video and \/ or audio, and to use these recordings again.<\/li>\n<li>Renting equipment such as helmets and longboards during our training <strong>it is free. <\/strong><\/li>\n<li>If the student does not have the equipment, he\/she must make the pre-training equipment request at least 1 day before.<\/li>\n<li>The instructor may change the training hours or the place where the training takes place, provided that it is notified in advance.<\/li>\n<\/ul>\n<p><strong>The candidate student who makes an appointment accepts all the above-mentioned items.<\/strong><\/p>\n\n\t\t<\/div>\n\t<\/div>\n\n\t\t<div id=\"wd-634ecfac294b9\" class=\"title-wrapper wd-wpb set-mb-s reset-last-child  wd-rs-634ecfac294b9 wd-title-color-primary wd-title-style-underlined text-left  wd-underline-colored\">\n\t\t\t\n\t\t\t<div class=\"liner-continer\">\n\t\t\t\t<h4 class=\"woodmart-title-container title  wd-font-weight- wd-fontsize-m\" >Student Reviews<\/h4>\n\t\t\t\t\t\t\t<\/div>\n\t\t\t\n\t\t\t\n\t\t\t\n\t\t<\/div>\n\t\t\n\t\t\t\t\t<link rel=\"stylesheet\" id=\"wd-owl-carousel-css\" href=\"https:\/\/turklongboard.org\/wp-content\/themes\/woodmart\/css\/parts\/lib-owl-carousel.min.css?ver=7.3.2\" type=\"text\/css\" media=\"all\" \/> \t\t\t\t\t\t\n\t\t\t<div id=\"wd-617aabdb47d04\" class=\"testimonials testimonials-wrapper testimonials-slider testimon-style-boxed color-scheme-  testimon-align-center  wd-carousel-container wd-carousel-spacing-30\" data-owl-carousel data-wrap=\"no\" data-hide_pagination_control=\"yes\" data-hide_prev_next_buttons=\"no\" data-desktop=\"1\" data-tablet=\"1\" data-tablet_landscape=\"1\" data-mobile=\"1\">\n\t\t\t\t<div class=\"owl-carousel wd-owl owl-items-lg-1 owl-items-md-1 owl-items-sm-1 owl-items-xs-1\" >\n\t\t\t\t\t\t\t\t<link rel=\"stylesheet\" id=\"wd-testimonial-old-css\" href=\"https:\/\/turklongboard.org\/wp-content\/themes\/woodmart\/css\/parts\/el-testimonial-old.min.css?ver=7.3.2\" type=\"text\/css\" media=\"all\" \/> \t\t\t\n<div class=\"testimonial column\">\n\t<div class=\"testimonial-inner\">\n\t\t\t\t\t<div class=\"testimonial-avatar\">\n\t\t\t\t<img width=\"100\" height=\"100\" src=\"https:\/\/turklongboard.s3.eu-central-1.amazonaws.com\/wp-content\/uploads\/2022\/10\/06143327\/erkan_rasitoglu-100x100.jpg\" class=\"testimonial-avatar-image\" alt=\"\" decoding=\"async\" loading=\"lazy\" srcset=\"https:\/\/turklongboard.s3.eu-central-1.amazonaws.com\/wp-content\/uploads\/2022\/10\/06143327\/erkan_rasitoglu.jpg 100w, https:\/\/turklongboard.s3.eu-central-1.amazonaws.com\/wp-content\/uploads\/2022\/10\/06143327\/erkan_rasitoglu-12x12.jpg 12w\" sizes=\"(max-width: 100px) 100vw, 100px\" title=\"\">\t\t\t<\/div>\n\t\t\n\t\t<div class=\"testimonial-content\">\n\t\t\t<div class=\"testimonial-rating\">\n\t\t\t\t<span class=\"star-rating\">\n\t\t\t\t\t<span style=\"width:100%\"><\/span>\n\t\t\t\t<\/span>\n\t\t\t<\/div>\n\n\t\t\tEnfal Altar is a good teacher, has high observation skills and can teach according to the motivation and perceptions of his students. I, who had no longboard experience before, was doing long longboard laps at the end of the first lesson and taking turns. It was an incredible pleasure to be able to skate the same way on the way back with the board I carry in my hand when I come to class. Especially at the end of the second lesson, I cannot explain the pleasure I experienced when I made a ramp and made the wrong foot and slipped turns. I would like to thank him for his sincerity, determination and motivation, and most importantly for making the longboard so fun and enjoyable.\n\t\t\t<footer>\n\t\t\t\tErkan Ra\u015fito\u011flu\n\t\t\t\t\t\t\t\t\t<span>\n\t\t\t\t\t\tStudent\t\t\t\t\t<\/span>\n\t\t\t\t\t\t\t<\/footer>\n\t\t<\/div>\n\t<\/div>\n<\/div>\n<div class=\"testimonial column\">\n\t<div class=\"testimonial-inner\">\n\t\t\t\t\t<div class=\"testimonial-avatar\">\n\t\t\t\t<img width=\"100\" height=\"100\" src=\"https:\/\/turklongboard.s3.eu-central-1.amazonaws.com\/wp-content\/uploads\/2022\/10\/06143327\/rakel_yuhay-100x100.jpg\" class=\"testimonial-avatar-image\" alt=\"rakel_yuhay\" decoding=\"async\" loading=\"lazy\" srcset=\"https:\/\/turklongboard.s3.eu-central-1.amazonaws.com\/wp-content\/uploads\/2022\/10\/06143327\/rakel_yuhay.jpg 100w, https:\/\/turklongboard.s3.eu-central-1.amazonaws.com\/wp-content\/uploads\/2022\/10\/06143327\/rakel_yuhay-12x12.jpg 12w\" sizes=\"(max-width: 100px) 100vw, 100px\" title=\"\">\t\t\t<\/div>\n\t\t\n\t\t<div class=\"testimonial-content\">\n\t\t\t<div class=\"testimonial-rating\">\n\t\t\t\t<span class=\"star-rating\">\n\t\t\t\t\t<span style=\"width:100%\"><\/span>\n\t\t\t\t<\/span>\n\t\t\t<\/div>\n\n\t\t\tMr. Enfal, first of all, I would like to thank you very much for being a friend and then a teacher with my son and making longboard and skateboarding popular. Thanks to you, I have achieved success and gained self-confidence. I congratulate you for your sincerity and love for your job, and I recommend it to everyone. Thank you again.\n\t\t\t<footer>\n\t\t\t\tRakel Yuhay\n\t\t\t\t\t\t\t\t\t<span>\n\t\t\t\t\t\tSani Yuhay's Mother\t\t\t\t\t<\/span>\n\t\t\t\t\t\t\t<\/footer>\n\t\t<\/div>\n\t<\/div>\n<\/div>\t\t\t\t<\/div>\n\t\t\t<\/div>\n\t\t<\/div><\/div><\/div><\/div><div class=\"vc_row wpb_row vc_row-fluid\"><div class=\"wpb_column vc_column_container vc_col-sm-6\"><div class=\"vc_column-inner\"><div class=\"wpb_wrapper\">\n\t<div class=\"wpb_text_column wpb_content_element\" >\n\t\t<div class=\"wpb_wrapper\">\n\t\t\t<h3>There Are So Many Reasons To Learn Longboard!<\/h3>\n<ul>\n<li>Longboard allows you to actively work 17 different muscles.<\/li>\n<li>It helps you increase your muscle mass with regular use.<\/li>\n<li>Contributes to increase your balance and coordination skills<\/li>\n<li>Compared to walking, it is a very effective cardio sport as you will need to expend more energy to cover the same distance.<\/li>\n<li>It also helps you lose weight when used for sports purposes 2 days a week with a balanced diet.<\/li>\n<li>It can be used for transportation, since it has small dimensions compared to a bicycle, you can also take it with you when using public transport.<\/li>\n<li>It is a board sport that you can use safely by practicing a little after the longboard course to be taken.<\/li>\n<li>It helps you socialize by getting together with other longboard athletes.<\/li>\n<\/ul>\n<p>&nbsp;<\/p>\n\n\t\t<\/div>\n\t<\/div>\n<\/div><\/div><\/div><div class=\"wpb_column vc_column_container vc_col-sm-6\"><div class=\"vc_column-inner\"><div class=\"wpb_wrapper\">\n\t<div class=\"wpb_text_column wpb_content_element\" >\n\t\t<div class=\"wpb_wrapper\">\n\t\t\t<h3>What will you learn with the Longboard Lesson?<\/h3>\n<p>If you don't know what style means, professional and knowledgeable longboard academy teachers are happy to explain the differences between each style down to the smallest detail.<\/p>\n<p>It guarantees to teach you Longboard gliding in the shortest and most accurate way with special techniques.<\/p>\n<p>You do not need to buy yourself a longboard set before the longboard lesson. If you wish, our longboard sets can be used in lessons. <strong>free<\/strong> You can rent. In this way, you have the chance to decide on the most suitable model for you together with a professional longboard trainer. There are longboard models with different lengths designed for different usage styles. You can talk to your instructor about which style you want to learn, and you can request training for one or more of the downhill, freestyle or dancing styles.<\/p>\n<p>You can take your training as one-on-one private longboard lessons, or you can continue your training by taking group lessons.<\/p>\n<p>Longboard Academy offers training opportunities for Cruising, downhill, sliding, dancing and freestyle longboard styles for advanced training other than the beginner level.<\/p>\n\n\t\t<\/div>\n\t<\/div>\n<\/div><\/div><\/div><\/div>\n<\/div>","protected":false},"excerpt":{"rendered":"E\u011fitim Randevusu i\u00e7in +90 505 682 12 40 Destek Hatt\u0131m\u0131z\u0131 Arayabilirsiniz. Kat\u0131lacak \u00d6\u011frencilerin Dikkatine! E\u011fitim esnas\u0131nda olu\u015fabilecek kazalarda sorumluluk kat\u0131l\u0131mc\u0131ya","protected":false},"author":5,"featured_media":17288,"parent":0,"menu_order":0,"comment_status":"closed","ping_status":"closed","template":"","meta":{"footnotes":""},"_links":{"self":[{"href":"https:\/\/turklongboard.org\/english\/wp-json\/wp\/v2\/pages\/14993"}],"collection":[{"href":"https:\/\/turklongboard.org\/english\/wp-json\/wp\/v2\/pages"}],"about":[{"href":"https:\/\/turklongboard.org\/english\/wp-json\/wp\/v2\/types\/page"}],"author":[{"embeddable":true,"href":"https:\/\/turklongboard.org\/english\/wp-json\/wp\/v2\/users\/5"}],"replies":[{"embeddable":true,"href":"https:\/\/turklongboard.org\/english\/wp-json\/wp\/v2\/comments?post=14993"}],"version-history":[{"count":138,"href":"https:\/\/turklongboard.org\/english\/wp-json\/wp\/v2\/pages\/14993\/revisions"}],"predecessor-version":[{"id":18308,"href":"https:\/\/turklongboard.org\/english\/wp-json\/wp\/v2\/pages\/14993\/revisions\/18308"}],"wp:featuredmedia":[{"embeddable":true,"href":"https:\/\/turklongboard.org\/english\/wp-json\/wp\/v2\/media\/17288"}],"wp:attachment":[{"href":"https:\/\/turklongboard.org\/english\/wp-json\/wp\/v2\/media?parent=14993"}],"curies":[{"name":"wp","href":"https:\/\/api.w.org\/{rel}","templated":true}]}}