{"id":16529,"date":"2023-02-11T18:26:32","date_gmt":"2023-02-11T18:26:32","guid":{"rendered":"https:\/\/turklongboard.org\/?page_id=16529"},"modified":"2023-02-22T06:45:11","modified_gmt":"2023-02-22T06:45:11","slug":"uyelik-islemleri","status":"publish","type":"page","link":"https:\/\/turklongboard.org\/english\/uyelik-islemleri\/","title":{"rendered":"Membership Procedures"},"content":{"rendered":"<div class=\"wpb-content-wrapper\"><div class=\"vc_row wpb_row vc_row-fluid\"><div class=\"wpb_column vc_column_container vc_col-sm-12\"><div class=\"vc_column-inner\"><div class=\"wpb_wrapper\">\t\t\t<link rel=\"stylesheet\" id=\"wd-section-title-css\" href=\"https:\/\/turklongboard.org\/wp-content\/themes\/woodmart\/css\/parts\/el-section-title.min.css?ver=7.3.2\" type=\"text\/css\" media=\"all\" \/> \t\t\t\t\t\t<link rel=\"stylesheet\" id=\"wd-section-title-style-simple-and-brd-css\" href=\"https:\/\/turklongboard.org\/wp-content\/themes\/woodmart\/css\/parts\/el-section-title-style-simple-and-brd.min.css?ver=7.3.2\" type=\"text\/css\" media=\"all\" \/> \t\t\t\t\t\t<link rel=\"stylesheet\" id=\"wd-mod-highlighted-text-css\" href=\"https:\/\/turklongboard.org\/wp-content\/themes\/woodmart\/css\/parts\/mod-highlighted-text.min.css?ver=7.3.2\" type=\"text\/css\" media=\"all\" \/> \t\t\t\n\t\t<div id=\"wd-63e7e658b5d27\" class=\"title-wrapper wd-wpb set-mb-s reset-last-child  wd-rs-63e7e658b5d27 wd-title-color-default wd-title-style-bordered text-center  wd-underline-colored\">\n\t\t\t\n\t\t\t<div class=\"liner-continer\">\n\t\t\t\t<h4 class=\"woodmart-title-container title  wd-font-weight- wd-fontsize-l\" >Join us<\/h4>\n\t\t\t\t\t\t\t<\/div>\n\t\t\t\n\t\t\t\n\t\t\t\n\t\t<\/div>\n\t\t\n\t\t<\/div><\/div><\/div><\/div><div class=\"vc_row wpb_row vc_row-fluid vc_custom_1535363607928 vc_row-o-content-top vc_row-flex\"><div class=\"wpb_column vc_column_container vc_col-sm-6\"><div class=\"vc_column-inner\"><div class=\"wpb_wrapper\">\t\t\t<link rel=\"stylesheet\" id=\"wd-info-box-css\" href=\"https:\/\/turklongboard.org\/wp-content\/themes\/woodmart\/css\/parts\/el-info-box.min.css?ver=7.3.2\" type=\"text\/css\" media=\"all\" \/> \t\t\t\t\t\t<link rel=\"stylesheet\" id=\"wd-info-box-style-shadow-and-bg-hover-css\" href=\"https:\/\/turklongboard.org\/wp-content\/themes\/woodmart\/css\/parts\/el-info-box-style-shadow-and-bg-hover.min.css?ver=7.3.2\" type=\"text\/css\" media=\"all\" \/> \t\t\t\t\t\t<div class=\"info-box-wrapper\">\n\t\t\t\t<div id=\"wd-63ea8c761530c\" class=\"wd-rs-63ea8c761530c wd-info-box wd-wpb text-center box-icon-align-top box-style-shadow color-scheme- wd-bg-none with-btn box-btn-static\"  >\n\t\t\t\t\t\t\t\t\t\t\t<div class=\"box-icon-wrapper  box-with-icon box-icon-simple\">\n\t\t\t\t\t\t\t<div class=\"info-box-icon\">\n\n\t\t\t\t\t\t\t\n\t\t\t\t\t\t\t\t\t\t\t\t\t\t\t\t\t<img width=\"80\" height=\"80\" src=\"https:\/\/turklongboard.s3.eu-central-1.amazonaws.com\/wp-content\/uploads\/2020\/09\/06143833\/Temsilci-100x100.png\" class=\"attachment-80x80 size-80x80\" alt=\"Temsilci-longboard\" decoding=\"async\" loading=\"lazy\" srcset=\"https:\/\/turklongboard.s3.eu-central-1.amazonaws.com\/wp-content\/uploads\/2020\/09\/06143833\/Temsilci-100x100.png 100w, https:\/\/turklongboard.s3.eu-central-1.amazonaws.com\/wp-content\/uploads\/2020\/09\/06143833\/Temsilci-150x150.png 150w, https:\/\/turklongboard.s3.eu-central-1.amazonaws.com\/wp-content\/uploads\/2020\/09\/06143833\/Temsilci-600x600.png 600w, https:\/\/turklongboard.s3.eu-central-1.amazonaws.com\/wp-content\/uploads\/2020\/09\/06143833\/Temsilci-300x300.png 300w\" sizes=\"(max-width: 80px) 100vw, 80px\" title=\"\">\t\t\t\t\t\t\t\t\t\t\t\t\t\t\t\n\t\t\t\t\t\t\t<\/div>\n\t\t\t\t\t\t<\/div>\n\t\t\t\t\t\t\t\t\t\t<div class=\"info-box-content\">\n\t\t\t\t\t\t<h4 class=\"info-box-title title box-title-style-default wd-fontsize-m\">Membership Application Form<\/h4>\t\t\t\t\t\t<div class=\"info-box-inner set-cont-mb-s reset-last-child\"><\/div>\n\n\t\t\t\t\t\t<div class=\"info-btn-wrapper\"><div id=\"wd-69d7dbac3c646\" class=\"wd-button-wrapper text-center\"><a href=\"https:\/\/turklongboard.org\/english\/bize-katilin\/\" title=\"Bize Katilin\" class=\"btn btn-color-primary btn-style-default btn-style-rectangle btn-size-small\">Read More<\/a><\/div><\/div>\t\t\t\t\t<\/div>\n\n\t\t\t\t\t\t\t\t\t<\/div>\n\t\t\t<\/div>\n\t\t<\/div><\/div><\/div><div class=\"wpb_column vc_column_container vc_col-sm-6\"><div class=\"vc_column-inner\"><div class=\"wpb_wrapper\">\t\t\t<div class=\"info-box-wrapper\">\n\t\t\t\t<div id=\"wd-63ea8cb8db7d2\" class=\"wd-rs-63ea8cb8db7d2 wd-info-box wd-wpb text-center box-icon-align-top box-style-shadow color-scheme- wd-bg-none with-btn box-btn-static\"  >\n\t\t\t\t\t\t\t\t\t\t\t<div class=\"box-icon-wrapper  box-with-icon box-icon-simple\">\n\t\t\t\t\t\t\t<div class=\"info-box-icon\">\n\n\t\t\t\t\t\t\t\n\t\t\t\t\t\t\t\t\t\t\t\t\t\t\t\t\t<img width=\"80\" height=\"80\" src=\"https:\/\/turklongboard.s3.eu-central-1.amazonaws.com\/wp-content\/uploads\/2020\/09\/06143833\/yonetim-kurulu-100x100.png\" class=\"attachment-80x80 size-80x80\" alt=\"yonetim-kurulu-longboard\" decoding=\"async\" loading=\"lazy\" srcset=\"https:\/\/turklongboard.s3.eu-central-1.amazonaws.com\/wp-content\/uploads\/2020\/09\/06143833\/yonetim-kurulu-100x100.png 100w, https:\/\/turklongboard.s3.eu-central-1.amazonaws.com\/wp-content\/uploads\/2020\/09\/06143833\/yonetim-kurulu-150x150.png 150w, https:\/\/turklongboard.s3.eu-central-1.amazonaws.com\/wp-content\/uploads\/2020\/09\/06143833\/yonetim-kurulu-600x600.png 600w, https:\/\/turklongboard.s3.eu-central-1.amazonaws.com\/wp-content\/uploads\/2020\/09\/06143833\/yonetim-kurulu-300x300.png 300w\" sizes=\"(max-width: 80px) 100vw, 80px\" title=\"\">\t\t\t\t\t\t\t\t\t\t\t\t\t\t\t\n\t\t\t\t\t\t\t<\/div>\n\t\t\t\t\t\t<\/div>\n\t\t\t\t\t\t\t\t\t\t<div class=\"info-box-content\">\n\t\t\t\t\t\t<h4 class=\"info-box-title title box-title-style-default wd-fontsize-m\">Representative Application Form<\/h4>\t\t\t\t\t\t<div class=\"info-box-inner set-cont-mb-s reset-last-child\"><\/div>\n\n\t\t\t\t\t\t<div class=\"info-btn-wrapper\"><div id=\"wd-69d7dbac3d190\" class=\"wd-button-wrapper text-center\"><a href=\"https:\/\/turklongboard.org\/english\/temsilci\/\" title=\"Representative\" class=\"btn btn-color-primary btn-style-default btn-style-rectangle btn-size-small\">Read More<\/a><\/div><\/div>\t\t\t\t\t<\/div>\n\n\t\t\t\t\t\t\t\t\t<\/div>\n\t\t\t<\/div>\n\t\t<\/div><\/div><\/div><\/div><div class=\"vc_row wpb_row vc_row-fluid\"><div class=\"wpb_column vc_column_container vc_col-sm-6\"><div class=\"vc_column-inner\"><div class=\"wpb_wrapper\">\t\t\t<div class=\"info-box-wrapper\">\n\t\t\t\t<div id=\"wd-63f5b9db3a649\" class=\"wd-rs-63f5b9db3a649 wd-info-box wd-wpb text-center box-icon-align-top box-style-shadow color-scheme- wd-bg-none with-btn box-btn-static\"  >\n\t\t\t\t\t\t\t\t\t\t\t<div class=\"box-icon-wrapper  box-with-icon box-icon-simple\">\n\t\t\t\t\t\t\t<div class=\"info-box-icon\">\n\n\t\t\t\t\t\t\t\n\t\t\t\t\t\t\t\t\t\t\t\t\t\t\t\t\t<img width=\"80\" height=\"80\" src=\"https:\/\/turklongboard.s3.eu-central-1.amazonaws.com\/wp-content\/uploads\/2020\/09\/06143808\/longboard-terimleri-100x100.png\" class=\"attachment-80x80 size-80x80\" alt=\"longboard-terimleri-ikon\" decoding=\"async\" loading=\"lazy\" srcset=\"https:\/\/turklongboard.s3.eu-central-1.amazonaws.com\/wp-content\/uploads\/2020\/09\/06143808\/longboard-terimleri-100x100.png 100w, https:\/\/turklongboard.s3.eu-central-1.amazonaws.com\/wp-content\/uploads\/2020\/09\/06143808\/longboard-terimleri-150x150.png 150w, https:\/\/turklongboard.s3.eu-central-1.amazonaws.com\/wp-content\/uploads\/2020\/09\/06143808\/longboard-terimleri-600x600.png 600w, https:\/\/turklongboard.s3.eu-central-1.amazonaws.com\/wp-content\/uploads\/2020\/09\/06143808\/longboard-terimleri-300x300.png 300w\" sizes=\"(max-width: 80px) 100vw, 80px\" title=\"\">\t\t\t\t\t\t\t\t\t\t\t\t\t\t\t\n\t\t\t\t\t\t\t<\/div>\n\t\t\t\t\t\t<\/div>\n\t\t\t\t\t\t\t\t\t\t<div class=\"info-box-content\">\n\t\t\t\t\t\t<h4 class=\"info-box-title title box-title-style-default wd-fontsize-m\">Membership Criteria<\/h4>\t\t\t\t\t\t<div class=\"info-box-inner set-cont-mb-s reset-last-child\"><\/div>\n\n\t\t\t\t\t\t<div class=\"info-btn-wrapper\"><div id=\"wd-69d7dbac3e4a2\" class=\"wd-button-wrapper text-center\"><a href=\"https:\/\/turklongboard.org\/english\/gizlilik-politikasi\/uyelik-kriterleri\/\" title=\"Membership Criteria\" class=\"btn btn-color-primary btn-style-default btn-style-rectangle btn-size-small\">Read More<\/a><\/div><\/div>\t\t\t\t\t<\/div>\n\n\t\t\t\t\t\t\t\t\t<\/div>\n\t\t\t<\/div>\n\t\t<\/div><\/div><\/div><div class=\"wpb_column vc_column_container vc_col-sm-6\"><div class=\"vc_column-inner\"><div class=\"wpb_wrapper\">\t\t\t<div class=\"info-box-wrapper\">\n\t\t\t\t<div id=\"wd-63f5b9e5325db\" class=\"wd-rs-63f5b9e5325db wd-info-box wd-wpb text-center box-icon-align-top box-style-shadow color-scheme- wd-bg-none with-btn box-btn-static\"  >\n\t\t\t\t\t\t\t\t\t\t\t<div class=\"box-icon-wrapper  box-with-icon box-icon-simple\">\n\t\t\t\t\t\t\t<div class=\"info-box-icon\">\n\n\t\t\t\t\t\t\t\n\t\t\t\t\t\t\t\t\t\t\t\t\t\t\t\t\t<img width=\"80\" height=\"80\" src=\"https:\/\/turklongboard.s3.eu-central-1.amazonaws.com\/wp-content\/uploads\/2020\/09\/06143815\/Longboard-Nedir-100x100.png\" class=\"attachment-80x80 size-80x80\" alt=\"Longboard-Nedir-ikon\" decoding=\"async\" loading=\"lazy\" srcset=\"https:\/\/turklongboard.s3.eu-central-1.amazonaws.com\/wp-content\/uploads\/2020\/09\/06143815\/Longboard-Nedir-100x100.png 100w, https:\/\/turklongboard.s3.eu-central-1.amazonaws.com\/wp-content\/uploads\/2020\/09\/06143815\/Longboard-Nedir-150x150.png 150w, https:\/\/turklongboard.s3.eu-central-1.amazonaws.com\/wp-content\/uploads\/2020\/09\/06143815\/Longboard-Nedir-600x600.png 600w, https:\/\/turklongboard.s3.eu-central-1.amazonaws.com\/wp-content\/uploads\/2020\/09\/06143815\/Longboard-Nedir-300x300.png 300w\" sizes=\"(max-width: 80px) 100vw, 80px\" title=\"\">\t\t\t\t\t\t\t\t\t\t\t\t\t\t\t\n\t\t\t\t\t\t\t<\/div>\n\t\t\t\t\t\t<\/div>\n\t\t\t\t\t\t\t\t\t\t<div class=\"info-box-content\">\n\t\t\t\t\t\t<h4 class=\"info-box-title title box-title-style-default wd-fontsize-m\">Frequently Asked Questions<\/h4>\t\t\t\t\t\t<div class=\"info-box-inner set-cont-mb-s reset-last-child\"><\/div>\n\n\t\t\t\t\t\t<div class=\"info-btn-wrapper\"><div id=\"wd-69d7dbac3eee4\" class=\"wd-button-wrapper text-center\"><a href=\"https:\/\/turklongboard.org\/english\/longboard-akademi\/sikca-sorulan-sorular\/\" title=\"Frequently Asked Questions\" class=\"btn btn-color-primary btn-style-default btn-style-rectangle btn-size-small\">Read More<\/a><\/div><\/div>\t\t\t\t\t<\/div>\n\n\t\t\t\t\t\t\t\t\t<\/div>\n\t\t\t<\/div>\n\t\t<\/div><\/div><\/div><\/div>\n<\/div>","protected":false},"excerpt":{"rendered":"Bize Kat\u0131l\u0131n \u00dcyelik Ba\u015fvuru Formu Daha Fazlas\u0131n\u0131 G\u00f6r Temsilcilik Ba\u015fvuru Formu Daha Fazlas\u0131n\u0131 G\u00f6r \u00dcyelik Kriterleri Daha Fazlas\u0131n\u0131 G\u00f6r S\u0131k\u00e7a","protected":false},"author":5,"featured_media":17403,"parent":0,"menu_order":0,"comment_status":"closed","ping_status":"closed","template":"","meta":{"footnotes":""},"_links":{"self":[{"href":"https:\/\/turklongboard.org\/english\/wp-json\/wp\/v2\/pages\/16529"}],"collection":[{"href":"https:\/\/turklongboard.org\/english\/wp-json\/wp\/v2\/pages"}],"about":[{"href":"https:\/\/turklongboard.org\/english\/wp-json\/wp\/v2\/types\/page"}],"author":[{"embeddable":true,"href":"https:\/\/turklongboard.org\/english\/wp-json\/wp\/v2\/users\/5"}],"replies":[{"embeddable":true,"href":"https:\/\/turklongboard.org\/english\/wp-json\/wp\/v2\/comments?post=16529"}],"version-history":[{"count":9,"href":"https:\/\/turklongboard.org\/english\/wp-json\/wp\/v2\/pages\/16529\/revisions"}],"predecessor-version":[{"id":17564,"href":"https:\/\/turklongboard.org\/english\/wp-json\/wp\/v2\/pages\/16529\/revisions\/17564"}],"wp:featuredmedia":[{"embeddable":true,"href":"https:\/\/turklongboard.org\/english\/wp-json\/wp\/v2\/media\/17403"}],"wp:attachment":[{"href":"https:\/\/turklongboard.org\/english\/wp-json\/wp\/v2\/media?parent=16529"}],"curies":[{"name":"wp","href":"https:\/\/api.w.org\/{rel}","templated":true}]}}