{"id":17825,"date":"2023-03-03T11:48:11","date_gmt":"2023-03-03T11:48:11","guid":{"rendered":"https:\/\/turklongboard.org\/?page_id=17825"},"modified":"2023-04-14T23:08:59","modified_gmt":"2023-04-14T23:08:59","slug":"longboard-pazari","status":"publish","type":"page","link":"https:\/\/turklongboard.org\/english\/longboard-pazari\/","title":{"rendered":"Longboard Market"},"content":{"rendered":"<div class=\"wpb-content-wrapper\"><div class=\"vc_row wpb_row vc_row-fluid\"><div class=\"wpb_column vc_column_container vc_col-sm-12\"><div class=\"vc_column-inner\"><div class=\"wpb_wrapper\">\n\t<div class=\"wpb_text_column wpb_content_element\" >\n\t\t<div class=\"wpb_wrapper\">\n\t\t\t<p>All kinds of longboard books belonging to longboard athletes and their explanations with their explanations.<\/p>\n\n\t\t<\/div>\n\t<\/div>\n<div class=\"vc_tta-container\" data-vc-action=\"collapse\"><div class=\"vc_general vc_tta vc_tta-tabs vc_tta-color-grey vc_tta-style-classic vc_tta-shape-rounded vc_tta-spacing-1 vc_tta-tabs-position-top vc_tta-controls-align-left\"><div class=\"vc_tta-tabs-container\"><ul class=\"vc_tta-tabs-list\"><li class=\"vc_tta-tab vc_active\" data-vc-tab><a href=\"#1678028766484-92b36d24-0e2e\" data-vc-tabs data-vc-container=\".vc_tta\"><span class=\"vc_tta-title-text\">Long Board<\/span><\/a><\/li><li class=\"vc_tta-tab\" data-vc-tab><a href=\"#1677848843484-b015a96f-42a8\" data-vc-tabs data-vc-container=\".vc_tta\"><span class=\"vc_tta-title-text\">To inform<\/span><\/a><\/li><\/ul><\/div><div class=\"vc_tta-panels-container\"><div class=\"vc_tta-panels\"><div class=\"vc_tta-panel vc_active\" id=\"1678028766484-92b36d24-0e2e\" data-vc-content=\".vc_tta-panel-body\"><div class=\"vc_tta-panel-heading\"><h4 class=\"vc_tta-panel-title\"><a href=\"#1678028766484-92b36d24-0e2e\" data-vc-accordion data-vc-container=\".vc_tta-container\"><span class=\"vc_tta-title-text\">Long Board<\/span><\/a><\/h4><\/div><div class=\"vc_tta-panel-body\"><div class=\"vc_row wpb_row vc_inner vc_row-fluid\"><div class=\"wpb_column vc_column_container vc_col-sm-6\"><div class=\"vc_column-inner\"><div class=\"wpb_wrapper\">\t<div class=\"wpb_gallery wpb_content_element vc_clearfix\">\n\t\t<div class=\"wpb_wrapper\">\n\t\t\t\t\t\t<div class=\"wpb_gallery_slides wpb_flexslider flexslider_fade flexslider\" data-interval=\"3\" data-flex_fx=\"fade\">\n\t\t\t\t<ul class=\"slides\"><li><a class=\"prettyphoto\" href=\"https:\/\/turklongboard.s3.eu-central-1.amazonaws.com\/wp-content\/uploads\/2023\/03\/05150913\/santa_cruz_longboard-1024x1024.jpg\" rel=\"prettyPhoto[rel-200571274] noopener\" target=\"_blank\"><img width=\"1024\" height=\"1024\" src=\"https:\/\/turklongboard.s3.eu-central-1.amazonaws.com\/wp-content\/uploads\/2023\/03\/05150913\/santa_cruz_longboard-1024x1024.jpg\" class=\"attachment-large\" alt=\"dalga sorfu\" decoding=\"async\" title=\"santa_cruz_longboard\" loading=\"lazy\" srcset=\"https:\/\/turklongboard.s3.eu-central-1.amazonaws.com\/wp-content\/uploads\/2023\/03\/05150913\/santa_cruz_longboard-1024x1024.jpg 1024w, https:\/\/turklongboard.s3.eu-central-1.amazonaws.com\/wp-content\/uploads\/2023\/03\/05150913\/santa_cruz_longboard-300x300.jpg 300w, https:\/\/turklongboard.s3.eu-central-1.amazonaws.com\/wp-content\/uploads\/2023\/03\/05150913\/santa_cruz_longboard-150x150.jpg 150w, https:\/\/turklongboard.s3.eu-central-1.amazonaws.com\/wp-content\/uploads\/2023\/03\/05150913\/santa_cruz_longboard-768x768.jpg 768w, https:\/\/turklongboard.s3.eu-central-1.amazonaws.com\/wp-content\/uploads\/2023\/03\/05150913\/santa_cruz_longboard-12x12.jpg 12w, https:\/\/turklongboard.s3.eu-central-1.amazonaws.com\/wp-content\/uploads\/2023\/03\/05150913\/santa_cruz_longboard.jpg 1080w\" sizes=\"(max-width: 1024px) 100vw, 1024px\" \/><\/a><\/li><li><a class=\"prettyphoto\" href=\"https:\/\/turklongboard.s3.eu-central-1.amazonaws.com\/wp-content\/uploads\/2023\/03\/05150918\/santa_cruz_longboard_02-1024x1024.jpg\" rel=\"prettyPhoto[rel-200571274] noopener\" target=\"_blank\"><img width=\"1024\" height=\"1024\" src=\"https:\/\/turklongboard.s3.eu-central-1.amazonaws.com\/wp-content\/uploads\/2023\/03\/05150918\/santa_cruz_longboard_02-1024x1024.jpg\" class=\"attachment-large\" alt=\"dalga sorfu\" decoding=\"async\" title=\"santa_cruz_longboard_02\" loading=\"lazy\" srcset=\"https:\/\/turklongboard.s3.eu-central-1.amazonaws.com\/wp-content\/uploads\/2023\/03\/05150918\/santa_cruz_longboard_02-1024x1024.jpg 1024w, https:\/\/turklongboard.s3.eu-central-1.amazonaws.com\/wp-content\/uploads\/2023\/03\/05150918\/santa_cruz_longboard_02-300x300.jpg 300w, https:\/\/turklongboard.s3.eu-central-1.amazonaws.com\/wp-content\/uploads\/2023\/03\/05150918\/santa_cruz_longboard_02-150x150.jpg 150w, https:\/\/turklongboard.s3.eu-central-1.amazonaws.com\/wp-content\/uploads\/2023\/03\/05150918\/santa_cruz_longboard_02-768x768.jpg 768w, https:\/\/turklongboard.s3.eu-central-1.amazonaws.com\/wp-content\/uploads\/2023\/03\/05150918\/santa_cruz_longboard_02-12x12.jpg 12w, https:\/\/turklongboard.s3.eu-central-1.amazonaws.com\/wp-content\/uploads\/2023\/03\/05150918\/santa_cruz_longboard_02.jpg 1080w\" sizes=\"(max-width: 1024px) 100vw, 1024px\" \/><\/a><\/li><li><a class=\"prettyphoto\" href=\"https:\/\/turklongboard.s3.eu-central-1.amazonaws.com\/wp-content\/uploads\/2023\/03\/05151402\/santa_cruz_longboard_03-1024x1024.jpg\" rel=\"prettyPhoto[rel-200571274] noopener\" target=\"_blank\"><img width=\"1024\" height=\"1024\" src=\"https:\/\/turklongboard.s3.eu-central-1.amazonaws.com\/wp-content\/uploads\/2023\/03\/05151402\/santa_cruz_longboard_03-1024x1024.jpg\" class=\"attachment-large\" alt=\"dalga sorfu\" decoding=\"async\" title=\"santa_cruz_longboard_03\" loading=\"lazy\" srcset=\"https:\/\/turklongboard.s3.eu-central-1.amazonaws.com\/wp-content\/uploads\/2023\/03\/05151402\/santa_cruz_longboard_03-1024x1024.jpg 1024w, https:\/\/turklongboard.s3.eu-central-1.amazonaws.com\/wp-content\/uploads\/2023\/03\/05151402\/santa_cruz_longboard_03-300x300.jpg 300w, https:\/\/turklongboard.s3.eu-central-1.amazonaws.com\/wp-content\/uploads\/2023\/03\/05151402\/santa_cruz_longboard_03-150x150.jpg 150w, https:\/\/turklongboard.s3.eu-central-1.amazonaws.com\/wp-content\/uploads\/2023\/03\/05151402\/santa_cruz_longboard_03-768x768.jpg 768w, https:\/\/turklongboard.s3.eu-central-1.amazonaws.com\/wp-content\/uploads\/2023\/03\/05151402\/santa_cruz_longboard_03-12x12.jpg 12w, https:\/\/turklongboard.s3.eu-central-1.amazonaws.com\/wp-content\/uploads\/2023\/03\/05151402\/santa_cruz_longboard_03.jpg 1080w\" sizes=\"(max-width: 1024px) 100vw, 1024px\" \/><\/a><\/li><li><a class=\"prettyphoto\" href=\"https:\/\/turklongboard.s3.eu-central-1.amazonaws.com\/wp-content\/uploads\/2023\/03\/05151406\/santa_cruz_longboard_04-1024x1024.jpg\" rel=\"prettyPhoto[rel-200571274] noopener\" target=\"_blank\"><img width=\"1024\" height=\"1024\" src=\"https:\/\/turklongboard.s3.eu-central-1.amazonaws.com\/wp-content\/uploads\/2023\/03\/05151406\/santa_cruz_longboard_04-1024x1024.jpg\" class=\"attachment-large\" alt=\"turk longboard\" decoding=\"async\" title=\"santa_cruz_longboard_04\" loading=\"lazy\" srcset=\"https:\/\/turklongboard.s3.eu-central-1.amazonaws.com\/wp-content\/uploads\/2023\/03\/05151406\/santa_cruz_longboard_04-1024x1024.jpg 1024w, https:\/\/turklongboard.s3.eu-central-1.amazonaws.com\/wp-content\/uploads\/2023\/03\/05151406\/santa_cruz_longboard_04-300x300.jpg 300w, https:\/\/turklongboard.s3.eu-central-1.amazonaws.com\/wp-content\/uploads\/2023\/03\/05151406\/santa_cruz_longboard_04-150x150.jpg 150w, https:\/\/turklongboard.s3.eu-central-1.amazonaws.com\/wp-content\/uploads\/2023\/03\/05151406\/santa_cruz_longboard_04-768x768.jpg 768w, https:\/\/turklongboard.s3.eu-central-1.amazonaws.com\/wp-content\/uploads\/2023\/03\/05151406\/santa_cruz_longboard_04-12x12.jpg 12w, https:\/\/turklongboard.s3.eu-central-1.amazonaws.com\/wp-content\/uploads\/2023\/03\/05151406\/santa_cruz_longboard_04.jpg 1080w\" sizes=\"(max-width: 1024px) 100vw, 1024px\" \/><\/a><\/li><\/ul>\t\t\t<\/div>\n\t\t<\/div>\n\t<\/div>\n<\/div><\/div><\/div><div class=\"wpb_column vc_column_container vc_col-sm-6\"><div class=\"vc_column-inner\"><div class=\"wpb_wrapper\">\t\t\t<link rel=\"stylesheet\" id=\"wd-section-title-css\" href=\"https:\/\/turklongboard.org\/wp-content\/themes\/woodmart\/css\/parts\/el-section-title.min.css?ver=7.3.2\" type=\"text\/css\" media=\"all\" \/> \t\t\t\t\t\t<link rel=\"stylesheet\" id=\"wd-mod-highlighted-text-css\" href=\"https:\/\/turklongboard.org\/wp-content\/themes\/woodmart\/css\/parts\/mod-highlighted-text.min.css?ver=7.3.2\" type=\"text\/css\" media=\"all\" \/> \t\t\t\n\t\t<div id=\"wd-6404b1926b3b8\" class=\"title-wrapper wd-wpb set-mb-s reset-last-child  wd-rs-6404b1926b3b8 wd-title-color-default wd-title-style-default text-left vc_custom_1678029217803 wd-underline-colored\">\n\t\t\t\n\t\t\t<div class=\"liner-continer\">\n\t\t\t\t<h4 class=\"woodmart-title-container title  wd-font-weight- wd-fontsize-l\" >Santa Cruz <u>Pintail Longboard<\/u><\/h4>\n\t\t\t\t\t\t\t<\/div>\n\t\t\t\n\t\t\t\n\t\t\t\n\t\t<\/div>\n\t\t\n\t\t\n\t\t<div id=\"wd-6404b0a627f43\" class=\"title-wrapper wd-wpb set-mb-s reset-last-child  wd-rs-6404b0a627f43 wd-title-color-default wd-title-style-default text-left  wd-underline-colored\">\n\t\t\t\t\t\t\t<div class=\"title-subtitle  subtitle-color-default font-default subtitle-style-background wd-font-weight-800 wd-fontsize-xs\">Durum: 2. EL<\/div>\n\t\t\t\n\t\t\t<div class=\"liner-continer\">\n\t\t\t\t<h4 class=\"woodmart-title-container title  wd-font-weight- wd-fontsize-l\" >Fatih Y\u0131lmaz<\/h4>\n\t\t\t\t\t\t\t<\/div>\n\t\t\t\n\t\t\t\n\t\t\t\n\t\t<\/div>\n\t\t\n\t\t\n\t<div class=\"wpb_text_column wpb_content_element\" >\n\t\t<div class=\"wpb_wrapper\">\n\t\t\t<p>Used 3 times. It's for sale because it's redundant. Only trades with tony danza (landyachtz) will be considered.<\/p>\n<p>Features<\/p>\n<ul>\n<li>Trucklar \u201cBullet\u201d 50 Degrees<\/li>\n<li>Wheels 72mm 78A Road Rider.<\/li>\n<li>Bearings ABEC 3 Cross<\/li>\n<li>Truck length is 22cm.<\/li>\n<li>Board width 25cm.<\/li>\n<li>Board length 110cm.<\/li>\n<\/ul>\n\n\t\t<\/div>\n\t<\/div>\n<div id=\"wd-6404b1a602d0d\" class=\"wd-rs-6404b1a602d0d  wd-button-wrapper text-left\"><a href=\"https:\/\/www.sahibinden.com\/ilan\/ikinci-el-ve-sifir-alisveris-spor-sira-disi-sporlar-santa-cruz-pintail-longboard-1073387487\/detay\" title=\"\" target=\"_blank\" class=\"btn btn-color-black btn-style-3d btn-style-round btn-size-extra-large\" rel=\"noopener\">Get Offer<\/a><\/div><\/div><\/div><\/div><\/div><div class=\"vc_row wpb_row vc_inner vc_row-fluid\"><div class=\"wpb_column vc_column_container vc_col-sm-12\"><div class=\"vc_column-inner\"><div class=\"wpb_wrapper\"><\/div><\/div><\/div><\/div><\/div><\/div><div class=\"vc_tta-panel\" id=\"1677848843484-b015a96f-42a8\" data-vc-content=\".vc_tta-panel-body\"><div class=\"vc_tta-panel-heading\"><h4 class=\"vc_tta-panel-title\"><a href=\"#1677848843484-b015a96f-42a8\" data-vc-accordion data-vc-container=\".vc_tta-container\"><span class=\"vc_tta-title-text\">To inform<\/span><\/a><\/h4><\/div><div class=\"vc_tta-panel-body\">\n\t<div class=\"wpb_video_widget wpb_content_element vc_clearfix vc_video-aspect-ratio-169 vc_video-el-width-100 vc_video-align-left\" >\n\t\t<div class=\"wpb_wrapper\">\n\t\t\t\n\t\t\t<div class=\"wpb_video_wrapper\"><iframe title=\"Things to Consider When Buying Used Longboards\" width=\"500\" height=\"281\" src=\"https:\/\/www.youtube.com\/embed\/fG5nZqtioGI?start=364&feature=oembed\" frameborder=\"0\" allow=\"accelerometer; autoplay; clipboard-write; encrypted-media; gyroscope; picture-in-picture; web-share\" allowfullscreen><\/iframe><\/div>\n\t\t<\/div>\n\t<\/div>\n\n\t<div class=\"wpb_video_widget wpb_content_element vc_clearfix vc_video-aspect-ratio-169 vc_video-el-width-100 vc_video-align-left\" >\n\t\t<div class=\"wpb_wrapper\">\n\t\t\t\n\t\t\t<div class=\"wpb_video_wrapper\"><iframe title=\"Things to Consider When Buying a Longboard\" width=\"500\" height=\"281\" src=\"https:\/\/www.youtube.com\/embed\/nepT-HAWaQw?start=160&feature=oembed\" frameborder=\"0\" allow=\"accelerometer; autoplay; clipboard-write; encrypted-media; gyroscope; picture-in-picture; web-share\" allowfullscreen><\/iframe><\/div>\n\t\t<\/div>\n\t<\/div>\n<\/div><\/div><\/div><\/div><\/div><\/div><\/div><\/div><\/div><\/div>\n<\/div>","protected":false},"excerpt":{"rendered":"Longboard sporcular\u0131na ait her t\u00fcrden longboard setleri ve par\u00e7alar\u0131n\u0131 detayl\u0131 a\u00e7\u0131klamalar\u0131yla inceleyebilirsiniz. Long BoardBilgilendirmeLong Board Santa Cruz Pintail Longboard Durum:","protected":false},"author":5,"featured_media":17854,"parent":0,"menu_order":0,"comment_status":"closed","ping_status":"closed","template":"","meta":{"footnotes":""},"_links":{"self":[{"href":"https:\/\/turklongboard.org\/english\/wp-json\/wp\/v2\/pages\/17825"}],"collection":[{"href":"https:\/\/turklongboard.org\/english\/wp-json\/wp\/v2\/pages"}],"about":[{"href":"https:\/\/turklongboard.org\/english\/wp-json\/wp\/v2\/types\/page"}],"author":[{"embeddable":true,"href":"https:\/\/turklongboard.org\/english\/wp-json\/wp\/v2\/users\/5"}],"replies":[{"embeddable":true,"href":"https:\/\/turklongboard.org\/english\/wp-json\/wp\/v2\/comments?post=17825"}],"version-history":[{"count":25,"href":"https:\/\/turklongboard.org\/english\/wp-json\/wp\/v2\/pages\/17825\/revisions"}],"predecessor-version":[{"id":18044,"href":"https:\/\/turklongboard.org\/english\/wp-json\/wp\/v2\/pages\/17825\/revisions\/18044"}],"wp:featuredmedia":[{"embeddable":true,"href":"https:\/\/turklongboard.org\/english\/wp-json\/wp\/v2\/media\/17854"}],"wp:attachment":[{"href":"https:\/\/turklongboard.org\/english\/wp-json\/wp\/v2\/media?parent=17825"}],"curies":[{"name":"wp","href":"https:\/\/api.w.org\/{rel}","templated":true}]}}