{"id":180,"date":"2020-09-15T15:23:49","date_gmt":"2020-09-15T15:23:49","guid":{"rendered":"http:\/\/turklongboard.org\/?page_id=180"},"modified":"2023-03-01T21:19:21","modified_gmt":"2023-03-01T21:19:21","slug":"basin-odasi","status":"publish","type":"page","link":"https:\/\/turklongboard.org\/english\/basin-odasi\/","title":{"rendered":"News Room"},"content":{"rendered":"<div class=\"wpb-content-wrapper\"><div class=\"vc_row wpb_row vc_row-fluid\"><div class=\"wpb_column vc_column_container vc_col-sm-12\"><div class=\"vc_column-inner\"><div class=\"wpb_wrapper\">\t\t\t<link rel=\"stylesheet\" id=\"wd-section-title-css\" href=\"https:\/\/turklongboard.org\/wp-content\/themes\/woodmart\/css\/parts\/el-section-title.min.css?ver=7.3.2\" type=\"text\/css\" media=\"all\" \/> \t\t\t\t\t\t<link rel=\"stylesheet\" id=\"wd-section-title-style-simple-and-brd-css\" href=\"https:\/\/turklongboard.org\/wp-content\/themes\/woodmart\/css\/parts\/el-section-title-style-simple-and-brd.min.css?ver=7.3.2\" type=\"text\/css\" media=\"all\" \/> \t\t\t\t\t\t<link rel=\"stylesheet\" id=\"wd-mod-highlighted-text-css\" href=\"https:\/\/turklongboard.org\/wp-content\/themes\/woodmart\/css\/parts\/mod-highlighted-text.min.css?ver=7.3.2\" type=\"text\/css\" media=\"all\" \/> \t\t\t\n\t\t<div id=\"wd-5f7b67e45031e\" class=\"title-wrapper wd-wpb set-mb-s reset-last-child  wd-rs-5f7b67e45031e wd-title-color-default wd-title-style-bordered text-center  wd-underline-colored\">\n\t\t\t\n\t\t\t<div class=\"liner-continer\">\n\t\t\t\t<h4 class=\"woodmart-title-container title  wd-font-weight- wd-fontsize-l\" >News Room<\/h4>\n\t\t\t\t\t\t\t<\/div>\n\t\t\t\n\t\t\t\n\t\t\t\n\t\t<\/div>\n\t\t\n\t\t<\/div><\/div><\/div><\/div><div class=\"vc_row wpb_row vc_row-fluid vc_custom_1535363607928 vc_row-o-content-top vc_row-flex\"><div class=\"wpb_column vc_column_container vc_col-sm-6\"><div class=\"vc_column-inner\"><div class=\"wpb_wrapper\">\t\t\t<link rel=\"stylesheet\" id=\"wd-info-box-css\" href=\"https:\/\/turklongboard.org\/wp-content\/themes\/woodmart\/css\/parts\/el-info-box.min.css?ver=7.3.2\" type=\"text\/css\" media=\"all\" \/> \t\t\t\t\t\t<link rel=\"stylesheet\" id=\"wd-info-box-style-shadow-and-bg-hover-css\" href=\"https:\/\/turklongboard.org\/wp-content\/themes\/woodmart\/css\/parts\/el-info-box-style-shadow-and-bg-hover.min.css?ver=7.3.2\" type=\"text\/css\" media=\"all\" \/> \t\t\t\t\t\t<div class=\"info-box-wrapper\">\n\t\t\t\t<div id=\"wd-5fc268bd15b71\" class=\"wd-rs-5fc268bd15b71 wd-info-box wd-wpb text-center box-icon-align-top box-style-shadow color-scheme- wd-bg-none with-btn box-btn-static\"  >\n\t\t\t\t\t\t\t\t\t\t\t<div class=\"box-icon-wrapper  box-with-icon box-icon-simple\">\n\t\t\t\t\t\t\t<div class=\"info-box-icon\">\n\n\t\t\t\t\t\t\t\n\t\t\t\t\t\t\t\t\t\t\t\t\t\t\t\t\t<img width=\"80\" height=\"80\" src=\"https:\/\/turklongboard.s3.eu-central-1.amazonaws.com\/wp-content\/uploads\/2020\/09\/06143820\/basin-sayfa-100x100.png\" class=\"attachment-80x80 size-80x80\" alt=\"basin-haberler-ikon\" decoding=\"async\" loading=\"lazy\" srcset=\"https:\/\/turklongboard.s3.eu-central-1.amazonaws.com\/wp-content\/uploads\/2020\/09\/06143820\/basin-sayfa-100x100.png 100w, https:\/\/turklongboard.s3.eu-central-1.amazonaws.com\/wp-content\/uploads\/2020\/09\/06143820\/basin-sayfa-150x150.png 150w, https:\/\/turklongboard.s3.eu-central-1.amazonaws.com\/wp-content\/uploads\/2020\/09\/06143820\/basin-sayfa-600x600.png 600w, https:\/\/turklongboard.s3.eu-central-1.amazonaws.com\/wp-content\/uploads\/2020\/09\/06143820\/basin-sayfa-300x300.png 300w\" sizes=\"(max-width: 80px) 100vw, 80px\" title=\"\">\t\t\t\t\t\t\t\t\t\t\t\t\t\t\t\n\t\t\t\t\t\t\t<\/div>\n\t\t\t\t\t\t<\/div>\n\t\t\t\t\t\t\t\t\t\t<div class=\"info-box-content\">\n\t\t\t\t\t\t<h4 class=\"info-box-title title box-title-style-default wd-fontsize-m\">News<\/h4>\t\t\t\t\t\t<div class=\"info-box-inner set-cont-mb-s reset-last-child\"><\/div>\n\n\t\t\t\t\t\t<div class=\"info-btn-wrapper\"><div id=\"wd-69d7db73c70fe\" class=\"wd-button-wrapper text-center\"><a href=\"https:\/\/turklongboard.org\/english\/category\/haber\/\" title=\"\" class=\"btn btn-color-primary btn-style-default btn-style-rectangle btn-size-small\">Read More<\/a><\/div><\/div>\t\t\t\t\t<\/div>\n\n\t\t\t\t\t\t\t\t\t<\/div>\n\t\t\t<\/div>\n\t\t<\/div><\/div><\/div><div class=\"wpb_column vc_column_container vc_col-sm-6\"><div class=\"vc_column-inner\"><div class=\"wpb_wrapper\">\t\t\t<div class=\"info-box-wrapper\">\n\t\t\t\t<div id=\"wd-63ea6a1b5caa2\" class=\"wd-rs-63ea6a1b5caa2 wd-info-box wd-wpb text-center box-icon-align-top box-style-shadow color-scheme- wd-bg-none with-btn box-btn-static\"  >\n\t\t\t\t\t\t\t\t\t\t\t<div class=\"box-icon-wrapper  box-with-icon box-icon-simple\">\n\t\t\t\t\t\t\t<div class=\"info-box-icon\">\n\n\t\t\t\t\t\t\t\n\t\t\t\t\t\t\t\t\t\t\t\t\t\t\t\t\t<img width=\"80\" height=\"80\" src=\"https:\/\/turklongboard.s3.eu-central-1.amazonaws.com\/wp-content\/uploads\/2020\/10\/06143712\/kimlik.png\" class=\"attachment-80x80 size-80x80\" alt=\"kimlik-ikon\" decoding=\"async\" loading=\"lazy\" title=\"\">\t\t\t\t\t\t\t\t\t\t\t\t\t\t\t\n\t\t\t\t\t\t\t<\/div>\n\t\t\t\t\t\t<\/div>\n\t\t\t\t\t\t\t\t\t\t<div class=\"info-box-content\">\n\t\t\t\t\t\t<h4 class=\"info-box-title title box-title-style-default wd-fontsize-m\">Interviews<\/h4>\t\t\t\t\t\t<div class=\"info-box-inner set-cont-mb-s reset-last-child\"><\/div>\n\n\t\t\t\t\t\t<div class=\"info-btn-wrapper\"><div id=\"wd-69d7db73c7a6f\" class=\"wd-button-wrapper text-center\"><a href=\"https:\/\/turklongboard.org\/english\/category\/roportajlar\/\" title=\"Interviews\" class=\"btn btn-color-primary btn-style-default btn-style-rectangle btn-size-small\">Read More<\/a><\/div><\/div>\t\t\t\t\t<\/div>\n\n\t\t\t\t\t\t\t\t\t<\/div>\n\t\t\t<\/div>\n\t\t<\/div><\/div><\/div><\/div><div class=\"vc_row wpb_row vc_row-fluid\"><div class=\"wpb_column vc_column_container vc_col-sm-6\"><div class=\"vc_column-inner\"><div class=\"wpb_wrapper\">\t\t\t<div class=\"info-box-wrapper\">\n\t\t\t\t<div id=\"wd-5fc268c489e0d\" class=\"wd-rs-5fc268c489e0d wd-info-box wd-wpb text-center box-icon-align-top box-style-shadow color-scheme- wd-bg-none with-btn box-btn-static\"  >\n\t\t\t\t\t\t\t\t\t\t\t<div class=\"box-icon-wrapper  box-with-icon box-icon-simple\">\n\t\t\t\t\t\t\t<div class=\"info-box-icon\">\n\n\t\t\t\t\t\t\t\n\t\t\t\t\t\t\t\t\t\t\t\t\t\t\t\t\t<img width=\"80\" height=\"80\" src=\"https:\/\/turklongboard.s3.eu-central-1.amazonaws.com\/wp-content\/uploads\/2020\/09\/06143819\/basin-sayfa-2-100x100.png\" class=\"attachment-80x80 size-80x80\" alt=\"basinda-biz-ikon\" decoding=\"async\" loading=\"lazy\" srcset=\"https:\/\/turklongboard.s3.eu-central-1.amazonaws.com\/wp-content\/uploads\/2020\/09\/06143819\/basin-sayfa-2-100x100.png 100w, https:\/\/turklongboard.s3.eu-central-1.amazonaws.com\/wp-content\/uploads\/2020\/09\/06143819\/basin-sayfa-2-150x150.png 150w, https:\/\/turklongboard.s3.eu-central-1.amazonaws.com\/wp-content\/uploads\/2020\/09\/06143819\/basin-sayfa-2-600x600.png 600w, https:\/\/turklongboard.s3.eu-central-1.amazonaws.com\/wp-content\/uploads\/2020\/09\/06143819\/basin-sayfa-2-300x300.png 300w\" sizes=\"(max-width: 80px) 100vw, 80px\" title=\"\">\t\t\t\t\t\t\t\t\t\t\t\t\t\t\t\n\t\t\t\t\t\t\t<\/div>\n\t\t\t\t\t\t<\/div>\n\t\t\t\t\t\t\t\t\t\t<div class=\"info-box-content\">\n\t\t\t\t\t\t<h4 class=\"info-box-title title box-title-style-default wd-fontsize-m\">Turk Longboard in the Press<\/h4>\t\t\t\t\t\t<div class=\"info-box-inner set-cont-mb-s reset-last-child\"><\/div>\n\n\t\t\t\t\t\t<div class=\"info-btn-wrapper\"><div id=\"wd-69d7db73c8733\" class=\"wd-button-wrapper text-center\"><a href=\"https:\/\/turklongboard.org\/english\/basin-odasi\/basinda-biz\/\" title=\"Turk Longboard in the Press\" class=\"btn btn-color-primary btn-style-default btn-style-rectangle btn-size-small\">Read More<\/a><\/div><\/div>\t\t\t\t\t<\/div>\n\n\t\t\t\t\t\t\t\t\t<\/div>\n\t\t\t<\/div>\n\t\t<\/div><\/div><\/div><div class=\"wpb_column vc_column_container vc_col-sm-6\"><div class=\"vc_column-inner\"><div class=\"wpb_wrapper\">\t\t\t<div class=\"info-box-wrapper\">\n\t\t\t\t<div id=\"wd-5fc268d494f5a\" class=\"wd-rs-5fc268d494f5a wd-info-box wd-wpb text-center box-icon-align-top box-style-shadow color-scheme- wd-bg-none with-btn box-btn-static\"  >\n\t\t\t\t\t\t\t\t\t\t\t<div class=\"box-icon-wrapper  box-with-icon box-icon-simple\">\n\t\t\t\t\t\t\t<div class=\"info-box-icon\">\n\n\t\t\t\t\t\t\t\n\t\t\t\t\t\t\t\t\t\t\t\t\t\t\t\t\t<img width=\"80\" height=\"80\" src=\"https:\/\/turklongboard.s3.eu-central-1.amazonaws.com\/wp-content\/uploads\/2020\/09\/06143819\/basin-sayfa-3-100x100.png\" class=\"attachment-80x80 size-80x80\" alt=\"basin-medya-kit-ikon\" decoding=\"async\" loading=\"lazy\" srcset=\"https:\/\/turklongboard.s3.eu-central-1.amazonaws.com\/wp-content\/uploads\/2020\/09\/06143819\/basin-sayfa-3-100x100.png 100w, https:\/\/turklongboard.s3.eu-central-1.amazonaws.com\/wp-content\/uploads\/2020\/09\/06143819\/basin-sayfa-3-150x150.png 150w, https:\/\/turklongboard.s3.eu-central-1.amazonaws.com\/wp-content\/uploads\/2020\/09\/06143819\/basin-sayfa-3-600x600.png 600w, https:\/\/turklongboard.s3.eu-central-1.amazonaws.com\/wp-content\/uploads\/2020\/09\/06143819\/basin-sayfa-3-300x300.png 300w\" sizes=\"(max-width: 80px) 100vw, 80px\" title=\"\">\t\t\t\t\t\t\t\t\t\t\t\t\t\t\t\n\t\t\t\t\t\t\t<\/div>\n\t\t\t\t\t\t<\/div>\n\t\t\t\t\t\t\t\t\t\t<div class=\"info-box-content\">\n\t\t\t\t\t\t<h4 class=\"info-box-title title box-title-style-default wd-fontsize-m\">Media kit<\/h4>\t\t\t\t\t\t<div class=\"info-box-inner set-cont-mb-s reset-last-child\"><\/div>\n\n\t\t\t\t\t\t<div class=\"info-btn-wrapper\"><div id=\"wd-69d7db73c9430\" class=\"wd-button-wrapper text-center\"><a href=\"https:\/\/turklongboard.org\/english\/basin-odasi\/medya-kit\/\" title=\"Media kit\" class=\"btn btn-color-primary btn-style-default btn-style-rectangle btn-size-small\">Read More<\/a><\/div><\/div>\t\t\t\t\t<\/div>\n\n\t\t\t\t\t\t\t\t\t<\/div>\n\t\t\t<\/div>\n\t\t<\/div><\/div><\/div><\/div>\n<\/div>","protected":false},"excerpt":{"rendered":"Bas\u0131n Odas\u0131 Haberler Daha Fazlas\u0131n\u0131 G\u00f6r R\u00f6portajlar Daha Fazlas\u0131n\u0131 G\u00f6r Bas\u0131nda Biz Daha Fazlas\u0131n\u0131 G\u00f6r Medya Kit Daha Fazlas\u0131n\u0131 G\u00f6r","protected":false},"author":5,"featured_media":14132,"parent":0,"menu_order":0,"comment_status":"closed","ping_status":"closed","template":"","meta":{"footnotes":""},"_links":{"self":[{"href":"https:\/\/turklongboard.org\/english\/wp-json\/wp\/v2\/pages\/180"}],"collection":[{"href":"https:\/\/turklongboard.org\/english\/wp-json\/wp\/v2\/pages"}],"about":[{"href":"https:\/\/turklongboard.org\/english\/wp-json\/wp\/v2\/types\/page"}],"author":[{"embeddable":true,"href":"https:\/\/turklongboard.org\/english\/wp-json\/wp\/v2\/users\/5"}],"replies":[{"embeddable":true,"href":"https:\/\/turklongboard.org\/english\/wp-json\/wp\/v2\/comments?post=180"}],"version-history":[{"count":13,"href":"https:\/\/turklongboard.org\/english\/wp-json\/wp\/v2\/pages\/180\/revisions"}],"predecessor-version":[{"id":17810,"href":"https:\/\/turklongboard.org\/english\/wp-json\/wp\/v2\/pages\/180\/revisions\/17810"}],"wp:featuredmedia":[{"embeddable":true,"href":"https:\/\/turklongboard.org\/english\/wp-json\/wp\/v2\/media\/14132"}],"wp:attachment":[{"href":"https:\/\/turklongboard.org\/english\/wp-json\/wp\/v2\/media?parent=180"}],"curies":[{"name":"wp","href":"https:\/\/api.w.org\/{rel}","templated":true}]}}