{"id":25,"date":"2020-09-12T10:54:27","date_gmt":"2020-09-12T10:54:27","guid":{"rendered":"http:\/\/turklongboard.org\/?page_id=25"},"modified":"2022-10-24T19:50:25","modified_gmt":"2022-10-24T19:50:25","slug":"gizlilik-politikasi","status":"publish","type":"page","link":"https:\/\/turklongboard.org\/english\/gizlilik-politikasi\/","title":{"rendered":"Privacy Policy"},"content":{"rendered":"<div class=\"wpb-content-wrapper\"><div class=\"vc_row wpb_row vc_row-fluid\"><div class=\"wpb_column vc_column_container vc_col-sm-12\"><div class=\"vc_column-inner vc_custom_1666641024799\"><div class=\"wpb_wrapper\">\t\t\t<link rel=\"stylesheet\" id=\"wd-section-title-css\" href=\"https:\/\/turklongboard.org\/wp-content\/themes\/woodmart\/css\/parts\/el-section-title.min.css?ver=7.3.2\" type=\"text\/css\" media=\"all\" \/> \t\t\t\t\t\t<link rel=\"stylesheet\" id=\"wd-section-title-style-simple-and-brd-css\" href=\"https:\/\/turklongboard.org\/wp-content\/themes\/woodmart\/css\/parts\/el-section-title-style-simple-and-brd.min.css?ver=7.3.2\" type=\"text\/css\" media=\"all\" \/> \t\t\t\t\t\t<link rel=\"stylesheet\" id=\"wd-mod-highlighted-text-css\" href=\"https:\/\/turklongboard.org\/wp-content\/themes\/woodmart\/css\/parts\/mod-highlighted-text.min.css?ver=7.3.2\" type=\"text\/css\" media=\"all\" \/> \t\t\t\n\t\t<div id=\"wd-6356ec5479aae\" class=\"title-wrapper wd-wpb set-mb-s reset-last-child  wd-rs-6356ec5479aae wd-title-color-default wd-title-style-bordered text-center  wd-underline-colored\">\n\t\t\t\n\t\t\t<div class=\"liner-continer\">\n\t\t\t\t<h4 class=\"woodmart-title-container title  wd-font-weight- wd-fontsize-l\" >Privacy Policy<\/h4>\n\t\t\t\t\t\t\t<\/div>\n\t\t\t\n\t\t\t\n\t\t\t\n\t\t<\/div>\n\t\t\n\t\t<\/div><\/div><\/div><\/div><div class=\"vc_row wpb_row vc_row-fluid\"><div class=\"wpb_column vc_column_container vc_col-sm-12\"><div class=\"vc_column-inner\"><div class=\"wpb_wrapper\">\n\t<div class=\"wpb_text_column wpb_content_element\" >\n\t\t<div class=\"wpb_wrapper\">\n\t\t\t<p>Your privacy is important for our community. As Turk Longboard, our policy to respect your privacy about any information we can gather from you is valid on <a href=\"https:\/\/turklongboard.org\/english\/\">https:\/\/turklongboard.org<\/a> and our other sites.<\/p>\n<p>We need your personal data only to provide service for you when really needed. Personal data is gathered with your information and assent via fair and legal procedures.<\/p>\n<p>We store the data which we collect from you for you to benefit from our services such as e-newsletter which you will receive from the mail address <a href=\"mailto:info@turklongboard.org\">info@turklongboard.org<\/a> . We will protect the data we store within commercially acceptable means, to prevent loss and theft, as well as unauthorized access, disclosure, copying, use or modification.<\/p>\n<p>Except the situations required by law, personally descriptive information isn't shared publicly or with third parties.<\/p>\n<p>Our website can give links to external sites not operated by us. Please do not forget that we don't have any authority on content and application of these sites and<\/p>\n<p>We can not take the responsibility and liability for relevant privacy policies.<\/p>\n<p>With the understanding that we can not provide you with some of the services you want, you are free to reject our request about your personal information. To keep using our web site is accepted as you accept our application of privacy and personal information. Please feel free to contact us to ask any questions about how we process user data and personal information.<\/p>\n<p>This policy is valid since September 22, 2020.<\/p>\n\n\t\t<\/div>\n\t<\/div>\n<\/div><\/div><\/div><\/div>\n<\/div>","protected":false},"excerpt":{"rendered":"Gizlilik Politikas\u0131 Gizlili\u011finiz bizim i\u00e7in \u00f6nemlidir. Turk Longboard olarak web sitemiz \u00fczerinden sizden toplayabilece\u011fimiz herhangi bir bilgi ile ilgili gizlili\u011finize","protected":false},"author":5,"featured_media":14142,"parent":0,"menu_order":0,"comment_status":"closed","ping_status":"closed","template":"","meta":{"footnotes":""},"_links":{"self":[{"href":"https:\/\/turklongboard.org\/english\/wp-json\/wp\/v2\/pages\/25"}],"collection":[{"href":"https:\/\/turklongboard.org\/english\/wp-json\/wp\/v2\/pages"}],"about":[{"href":"https:\/\/turklongboard.org\/english\/wp-json\/wp\/v2\/types\/page"}],"author":[{"embeddable":true,"href":"https:\/\/turklongboard.org\/english\/wp-json\/wp\/v2\/users\/5"}],"replies":[{"embeddable":true,"href":"https:\/\/turklongboard.org\/english\/wp-json\/wp\/v2\/comments?post=25"}],"version-history":[{"count":12,"href":"https:\/\/turklongboard.org\/english\/wp-json\/wp\/v2\/pages\/25\/revisions"}],"predecessor-version":[{"id":16055,"href":"https:\/\/turklongboard.org\/english\/wp-json\/wp\/v2\/pages\/25\/revisions\/16055"}],"wp:featuredmedia":[{"embeddable":true,"href":"https:\/\/turklongboard.org\/english\/wp-json\/wp\/v2\/media\/14142"}],"wp:attachment":[{"href":"https:\/\/turklongboard.org\/english\/wp-json\/wp\/v2\/media?parent=25"}],"curies":[{"name":"wp","href":"https:\/\/api.w.org\/{rel}","templated":true}]}}