{"id":7,"date":"2020-09-12T10:04:44","date_gmt":"2020-09-12T10:04:44","guid":{"rendered":"http:\/\/turklongboard.org\/?page_id=7"},"modified":"2023-02-22T06:26:31","modified_gmt":"2023-02-22T06:26:31","slug":"hakkimizda","status":"publish","type":"page","link":"https:\/\/turklongboard.org\/english\/hakkimizda\/","title":{"rendered":"About Us"},"content":{"rendered":"<div class=\"wpb-content-wrapper\"><div class=\"vc_row wpb_row vc_row-fluid\"><div class=\"wpb_column vc_column_container vc_col-sm-12\"><div class=\"vc_column-inner\"><div class=\"wpb_wrapper\">\t\t\t<link rel=\"stylesheet\" id=\"wd-section-title-css\" href=\"https:\/\/turklongboard.org\/wp-content\/themes\/woodmart\/css\/parts\/el-section-title.min.css?ver=7.3.2\" type=\"text\/css\" media=\"all\" \/> \t\t\t\t\t\t<link rel=\"stylesheet\" id=\"wd-section-title-style-simple-and-brd-css\" href=\"https:\/\/turklongboard.org\/wp-content\/themes\/woodmart\/css\/parts\/el-section-title-style-simple-and-brd.min.css?ver=7.3.2\" type=\"text\/css\" media=\"all\" \/> \t\t\t\t\t\t<link rel=\"stylesheet\" id=\"wd-mod-highlighted-text-css\" href=\"https:\/\/turklongboard.org\/wp-content\/themes\/woodmart\/css\/parts\/mod-highlighted-text.min.css?ver=7.3.2\" type=\"text\/css\" media=\"all\" \/> \t\t\t\n\t\t<div id=\"wd-5f7b67cb16412\" class=\"title-wrapper wd-wpb set-mb-s reset-last-child  wd-rs-5f7b67cb16412 wd-title-color-primary wd-title-style-bordered text-center vc_custom_1601923025663 wd-underline-colored\">\n\t\t\t\n\t\t\t<div class=\"liner-continer\">\n\t\t\t\t<h4 class=\"woodmart-title-container title  wd-font-weight-600 wd-fontsize-l\" >About Us<\/h4>\n\t\t\t\t\t\t\t<\/div>\n\t\t\t\n\t\t\t\n\t\t\t\n\t\t<\/div>\n\t\t\n\t\t<\/div><\/div><\/div><\/div><div class=\"vc_row wpb_row vc_row-fluid vc_custom_1535363607928 vc_row-o-content-top vc_row-flex\"><div class=\"wpb_column vc_column_container vc_col-sm-4\"><div class=\"vc_column-inner vc_custom_1601315898073\"><div class=\"wpb_wrapper\">\t\t\t<link rel=\"stylesheet\" id=\"wd-info-box-css\" href=\"https:\/\/turklongboard.org\/wp-content\/themes\/woodmart\/css\/parts\/el-info-box.min.css?ver=7.3.2\" type=\"text\/css\" media=\"all\" \/> \t\t\t\t\t\t<link rel=\"stylesheet\" id=\"wd-info-box-style-shadow-and-bg-hover-css\" href=\"https:\/\/turklongboard.org\/wp-content\/themes\/woodmart\/css\/parts\/el-info-box-style-shadow-and-bg-hover.min.css?ver=7.3.2\" type=\"text\/css\" media=\"all\" \/> \t\t\t\t\t\t<div class=\"info-box-wrapper\">\n\t\t\t\t<div id=\"wd-5fc268520cc84\" class=\"wd-rs-5fc268520cc84 wd-info-box wd-wpb text-center box-icon-align-top box-style-shadow color-scheme- wd-bg-none with-btn box-btn-static\"  >\n\t\t\t\t\t\t\t\t\t\t\t<div class=\"box-icon-wrapper  box-with-icon box-icon-simple\">\n\t\t\t\t\t\t\t<div class=\"info-box-icon\">\n\n\t\t\t\t\t\t\t\n\t\t\t\t\t\t\t\t\t\t\t\t\t\t\t\t\t<img width=\"80\" height=\"80\" src=\"https:\/\/turklongboard.s3.eu-central-1.amazonaws.com\/wp-content\/uploads\/2020\/09\/06143834\/Tarihce-Longboard-100x100.png\" class=\"attachment-80x80 size-80x80\" alt=\"Tarihce-Longboard\" decoding=\"async\" loading=\"lazy\" srcset=\"https:\/\/turklongboard.s3.eu-central-1.amazonaws.com\/wp-content\/uploads\/2020\/09\/06143834\/Tarihce-Longboard-100x100.png 100w, https:\/\/turklongboard.s3.eu-central-1.amazonaws.com\/wp-content\/uploads\/2020\/09\/06143834\/Tarihce-Longboard-150x150.png 150w, https:\/\/turklongboard.s3.eu-central-1.amazonaws.com\/wp-content\/uploads\/2020\/09\/06143834\/Tarihce-Longboard-600x600.png 600w, https:\/\/turklongboard.s3.eu-central-1.amazonaws.com\/wp-content\/uploads\/2020\/09\/06143834\/Tarihce-Longboard-300x300.png 300w\" sizes=\"(max-width: 80px) 100vw, 80px\" title=\"\">\t\t\t\t\t\t\t\t\t\t\t\t\t\t\t\n\t\t\t\t\t\t\t<\/div>\n\t\t\t\t\t\t<\/div>\n\t\t\t\t\t\t\t\t\t\t<div class=\"info-box-content\">\n\t\t\t\t\t\t<h4 class=\"info-box-title title box-title-style-default wd-fontsize-m\">History<\/h4>\t\t\t\t\t\t<div class=\"info-box-inner set-cont-mb-s reset-last-child\"><p>Established in Caddebostan on May 4, 2017<\/p>\n<\/div>\n\n\t\t\t\t\t\t<div class=\"info-btn-wrapper\"><div id=\"wd-69d7db6ae6f98\" class=\"wd-button-wrapper text-center\"><a href=\"https:\/\/turklongboard.org\/english\/hakkimizda\/tarihce\/\" title=\"History\" class=\"btn btn-color-primary btn-style-default btn-style-rectangle btn-size-small\">Read More<\/a><\/div><\/div>\t\t\t\t\t<\/div>\n\n\t\t\t\t\t\t\t\t\t<\/div>\n\t\t\t<\/div>\n\t\t<\/div><\/div><\/div><div class=\"wpb_column vc_column_container vc_col-sm-4\"><div class=\"vc_column-inner vc_custom_1601315878901\"><div class=\"wpb_wrapper\">\t\t\t<div class=\"info-box-wrapper\">\n\t\t\t\t<div id=\"wd-63ea675520207\" class=\"wd-rs-63ea675520207 wd-info-box wd-wpb text-center box-icon-align-top box-style-shadow color-scheme- wd-bg-none with-btn box-btn-static\"  >\n\t\t\t\t\t\t\t\t\t\t\t<div class=\"box-icon-wrapper  box-with-icon box-icon-simple\">\n\t\t\t\t\t\t\t<div class=\"info-box-icon\">\n\n\t\t\t\t\t\t\t\n\t\t\t\t\t\t\t\t\t\t\t\t\t\t\t\t\t<img width=\"80\" height=\"80\" src=\"https:\/\/turklongboard.s3.eu-central-1.amazonaws.com\/wp-content\/uploads\/2020\/09\/06143833\/yonetim-kurulu-100x100.png\" class=\"attachment-80x80 size-80x80\" alt=\"yonetim-kurulu-longboard\" decoding=\"async\" loading=\"lazy\" srcset=\"https:\/\/turklongboard.s3.eu-central-1.amazonaws.com\/wp-content\/uploads\/2020\/09\/06143833\/yonetim-kurulu-100x100.png 100w, https:\/\/turklongboard.s3.eu-central-1.amazonaws.com\/wp-content\/uploads\/2020\/09\/06143833\/yonetim-kurulu-150x150.png 150w, https:\/\/turklongboard.s3.eu-central-1.amazonaws.com\/wp-content\/uploads\/2020\/09\/06143833\/yonetim-kurulu-600x600.png 600w, https:\/\/turklongboard.s3.eu-central-1.amazonaws.com\/wp-content\/uploads\/2020\/09\/06143833\/yonetim-kurulu-300x300.png 300w\" sizes=\"(max-width: 80px) 100vw, 80px\" title=\"\">\t\t\t\t\t\t\t\t\t\t\t\t\t\t\t\n\t\t\t\t\t\t\t<\/div>\n\t\t\t\t\t\t<\/div>\n\t\t\t\t\t\t\t\t\t\t<div class=\"info-box-content\">\n\t\t\t\t\t\t<h4 class=\"info-box-title title box-title-style-default wd-fontsize-m\">Directors<\/h4>\t\t\t\t\t\t<div class=\"info-box-inner set-cont-mb-s reset-last-child\"><p>Turk Longboard 2023 \u2013 2024 Management Team<\/p>\n<\/div>\n\n\t\t\t\t\t\t<div class=\"info-btn-wrapper\"><div id=\"wd-69d7db6ae7efe\" class=\"wd-button-wrapper text-center\"><a href=\"https:\/\/turklongboard.org\/english\/hakkimizda\/yonetim-kurulu\/\" title=\"Board of Directors\" class=\"btn btn-color-primary btn-style-default btn-style-rectangle btn-size-small\">Read More<\/a><\/div><\/div>\t\t\t\t\t<\/div>\n\n\t\t\t\t\t\t\t\t\t<\/div>\n\t\t\t<\/div>\n\t\t<\/div><\/div><\/div><div class=\"wpb_column vc_column_container vc_col-sm-4\"><div class=\"vc_column-inner vc_custom_1601315918817\"><div class=\"wpb_wrapper\">\t\t\t<div class=\"info-box-wrapper\">\n\t\t\t\t<div id=\"wd-63f5b5546232f\" class=\"wd-rs-63f5b5546232f wd-info-box wd-wpb text-center box-icon-align-top box-style-shadow color-scheme- wd-bg-none with-btn box-btn-static\"  >\n\t\t\t\t\t\t\t\t\t\t\t<div class=\"box-icon-wrapper  box-with-icon box-icon-simple\">\n\t\t\t\t\t\t\t<div class=\"info-box-icon\">\n\n\t\t\t\t\t\t\t\n\t\t\t\t\t\t\t\t\t\t\t\t\t\t\t\t\t<img width=\"80\" height=\"80\" src=\"https:\/\/turklongboard.s3.eu-central-1.amazonaws.com\/wp-content\/uploads\/2020\/09\/06143833\/Temsilci-100x100.png\" class=\"attachment-80x80 size-80x80\" alt=\"Temsilci-longboard\" decoding=\"async\" loading=\"lazy\" srcset=\"https:\/\/turklongboard.s3.eu-central-1.amazonaws.com\/wp-content\/uploads\/2020\/09\/06143833\/Temsilci-100x100.png 100w, https:\/\/turklongboard.s3.eu-central-1.amazonaws.com\/wp-content\/uploads\/2020\/09\/06143833\/Temsilci-150x150.png 150w, https:\/\/turklongboard.s3.eu-central-1.amazonaws.com\/wp-content\/uploads\/2020\/09\/06143833\/Temsilci-600x600.png 600w, https:\/\/turklongboard.s3.eu-central-1.amazonaws.com\/wp-content\/uploads\/2020\/09\/06143833\/Temsilci-300x300.png 300w\" sizes=\"(max-width: 80px) 100vw, 80px\" title=\"\">\t\t\t\t\t\t\t\t\t\t\t\t\t\t\t\n\t\t\t\t\t\t\t<\/div>\n\t\t\t\t\t\t<\/div>\n\t\t\t\t\t\t\t\t\t\t<div class=\"info-box-content\">\n\t\t\t\t\t\t<h4 class=\"info-box-title title box-title-style-default wd-fontsize-m\">Representatives<\/h4>\t\t\t\t\t\t<div class=\"info-box-inner set-cont-mb-s reset-last-child\"><p>Representatives of all cities in 10 countries<\/p>\n<\/div>\n\n\t\t\t\t\t\t<div class=\"info-btn-wrapper\"><div id=\"wd-69d7db6ae8941\" class=\"wd-button-wrapper text-center\"><a href=\"https:\/\/turklongboard.org\/english\/hakkimizda\/sehirler\/\" title=\"Representatives\" class=\"btn btn-color-primary btn-style-default btn-style-rectangle btn-size-small\">Read More<\/a><\/div><\/div>\t\t\t\t\t<\/div>\n\n\t\t\t\t\t\t\t\t\t<\/div>\n\t\t\t<\/div>\n\t\t<\/div><\/div><\/div><\/div><div class=\"vc_row wpb_row vc_row-fluid\"><div class=\"wpb_column vc_column_container vc_col-sm-3\"><div class=\"vc_column-inner\"><div class=\"wpb_wrapper\">\t\t\t<div class=\"info-box-wrapper\">\n\t\t\t\t<div id=\"wd-63f5b56715156\" class=\"wd-rs-63f5b56715156 wd-info-box wd-wpb text-center box-icon-align-top box-style-shadow color-scheme- wd-bg-none with-btn box-btn-static\"  >\n\t\t\t\t\t\t\t\t\t\t\t<div class=\"box-icon-wrapper  box-with-icon box-icon-simple\">\n\t\t\t\t\t\t\t<div class=\"info-box-icon\">\n\n\t\t\t\t\t\t\t\n\t\t\t\t\t\t\t\t\t\t\t\t\t\t\t\t\t<img width=\"80\" height=\"80\" src=\"https:\/\/turklongboard.s3.eu-central-1.amazonaws.com\/wp-content\/uploads\/2020\/10\/06143712\/kimlik.png\" class=\"attachment-80x80 size-80x80\" alt=\"kimlik-ikon\" decoding=\"async\" loading=\"lazy\" title=\"\">\t\t\t\t\t\t\t\t\t\t\t\t\t\t\t\n\t\t\t\t\t\t\t<\/div>\n\t\t\t\t\t\t<\/div>\n\t\t\t\t\t\t\t\t\t\t<div class=\"info-box-content\">\n\t\t\t\t\t\t<h4 class=\"info-box-title title box-title-style-default wd-fontsize-m\">Projects<\/h4>\t\t\t\t\t\t<div class=\"info-box-inner set-cont-mb-s reset-last-child\"><p>Established in Caddebostan on May 4, 2017<\/p>\n<\/div>\n\n\t\t\t\t\t\t<div class=\"info-btn-wrapper\"><div id=\"wd-69d7db6ae91e6\" class=\"wd-button-wrapper text-center\"><a href=\"https:\/\/turklongboard.org\/english\/hakkimizda\/projeler\/\" title=\"Projects\" class=\"btn btn-color-primary btn-style-default btn-style-rectangle btn-size-small\">Read More<\/a><\/div><\/div>\t\t\t\t\t<\/div>\n\n\t\t\t\t\t\t\t\t\t<\/div>\n\t\t\t<\/div>\n\t\t<\/div><\/div><\/div><div class=\"wpb_column vc_column_container vc_col-sm-3\"><div class=\"vc_column-inner\"><div class=\"wpb_wrapper\">\t\t\t<div class=\"info-box-wrapper\">\n\t\t\t\t<div id=\"wd-63f5b5735b6f9\" class=\"wd-rs-63f5b5735b6f9 wd-info-box wd-wpb text-center box-icon-align-top box-style-shadow color-scheme- wd-bg-none with-btn box-btn-static\"  >\n\t\t\t\t\t\t\t\t\t\t\t<div class=\"box-icon-wrapper  box-with-icon box-icon-simple\">\n\t\t\t\t\t\t\t<div class=\"info-box-icon\">\n\n\t\t\t\t\t\t\t\n\t\t\t\t\t\t\t\t\t\t\t\t\t\t\t\t\t<img width=\"80\" height=\"80\" src=\"https:\/\/turklongboard.s3.eu-central-1.amazonaws.com\/wp-content\/uploads\/2023\/02\/11184235\/turk_longboard_store.png\" class=\"attachment-80x80 size-80x80\" alt=\"\" decoding=\"async\" loading=\"lazy\" srcset=\"https:\/\/turklongboard.s3.eu-central-1.amazonaws.com\/wp-content\/uploads\/2023\/02\/11184235\/turk_longboard_store.png 80w, https:\/\/turklongboard.s3.eu-central-1.amazonaws.com\/wp-content\/uploads\/2023\/02\/11184235\/turk_longboard_store-12x12.png 12w\" sizes=\"(max-width: 80px) 100vw, 80px\" title=\"\">\t\t\t\t\t\t\t\t\t\t\t\t\t\t\t\n\t\t\t\t\t\t\t<\/div>\n\t\t\t\t\t\t<\/div>\n\t\t\t\t\t\t\t\t\t\t<div class=\"info-box-content\">\n\t\t\t\t\t\t<h4 class=\"info-box-title title box-title-style-default wd-fontsize-m\">Cities<\/h4>\t\t\t\t\t\t<div class=\"info-box-inner set-cont-mb-s reset-last-child\"><p>Turk Longboard 2023 \u2013 2024 Management Team<\/p>\n<\/div>\n\n\t\t\t\t\t\t<div class=\"info-btn-wrapper\"><div id=\"wd-69d7db6ae9dab\" class=\"wd-button-wrapper text-center\"><a href=\"https:\/\/turklongboard.org\/english\/hakkimizda\/sehirler\/\" title=\"Cities\" class=\"btn btn-color-primary btn-style-default btn-style-rectangle btn-size-small\">Read More<\/a><\/div><\/div>\t\t\t\t\t<\/div>\n\n\t\t\t\t\t\t\t\t\t<\/div>\n\t\t\t<\/div>\n\t\t<\/div><\/div><\/div><div class=\"wpb_column vc_column_container vc_col-sm-3\"><div class=\"vc_column-inner\"><div class=\"wpb_wrapper\">\t\t\t<div class=\"info-box-wrapper\">\n\t\t\t\t<div id=\"wd-63f5b57d69997\" class=\"wd-rs-63f5b57d69997 wd-info-box wd-wpb text-center box-icon-align-top box-style-shadow color-scheme- wd-bg-none with-btn box-btn-static\"  >\n\t\t\t\t\t\t\t\t\t\t\t<div class=\"box-icon-wrapper  box-with-icon box-icon-simple\">\n\t\t\t\t\t\t\t<div class=\"info-box-icon\">\n\n\t\t\t\t\t\t\t\n\t\t\t\t\t\t\t\t\t\t\t\t\t\t\t\t\t<img width=\"80\" height=\"80\" src=\"https:\/\/turklongboard.s3.eu-central-1.amazonaws.com\/wp-content\/uploads\/2023\/02\/11184514\/turk_longboard_token.png\" class=\"attachment-80x80 size-80x80\" alt=\"\" decoding=\"async\" loading=\"lazy\" srcset=\"https:\/\/turklongboard.s3.eu-central-1.amazonaws.com\/wp-content\/uploads\/2023\/02\/11184514\/turk_longboard_token.png 80w, https:\/\/turklongboard.s3.eu-central-1.amazonaws.com\/wp-content\/uploads\/2023\/02\/11184514\/turk_longboard_token-12x12.png 12w\" sizes=\"(max-width: 80px) 100vw, 80px\" title=\"\">\t\t\t\t\t\t\t\t\t\t\t\t\t\t\t\n\t\t\t\t\t\t\t<\/div>\n\t\t\t\t\t\t<\/div>\n\t\t\t\t\t\t\t\t\t\t<div class=\"info-box-content\">\n\t\t\t\t\t\t<h4 class=\"info-box-title title box-title-style-default wd-fontsize-m\">Turk Longboard Identity<\/h4>\t\t\t\t\t\t<div class=\"info-box-inner set-cont-mb-s reset-last-child\"><p>Representatives of all cities in 10 countries<\/p>\n<\/div>\n\n\t\t\t\t\t\t<div class=\"info-btn-wrapper\"><div id=\"wd-69d7db6aea7be\" class=\"wd-button-wrapper text-center\"><a href=\"https:\/\/turklongboard.org\/english\/hakkimizda\/turk-longboard-kimlik\/\" title=\"Kimlik\" class=\"btn btn-color-primary btn-style-default btn-style-rectangle btn-size-small\">Read More<\/a><\/div><\/div>\t\t\t\t\t<\/div>\n\n\t\t\t\t\t\t\t\t\t<\/div>\n\t\t\t<\/div>\n\t\t<\/div><\/div><\/div><div class=\"wpb_column vc_column_container vc_col-sm-3\"><div class=\"vc_column-inner\"><div class=\"wpb_wrapper\">\t\t\t<div class=\"info-box-wrapper\">\n\t\t\t\t<div id=\"wd-63f5b58b3a8d9\" class=\"wd-rs-63f5b58b3a8d9 wd-info-box wd-wpb text-center box-icon-align-top box-style-shadow color-scheme- wd-bg-none with-btn box-btn-static\"  >\n\t\t\t\t\t\t\t\t\t\t\t<div class=\"box-icon-wrapper  box-with-icon box-icon-simple\">\n\t\t\t\t\t\t\t<div class=\"info-box-icon\">\n\n\t\t\t\t\t\t\t\n\t\t\t\t\t\t\t\t\t\t\t\t\t\t\t\t\t<img width=\"80\" height=\"80\" src=\"https:\/\/turklongboard.s3.eu-central-1.amazonaws.com\/wp-content\/uploads\/2020\/09\/06143819\/basin-sayfa-3-100x100.png\" class=\"attachment-80x80 size-80x80\" alt=\"basin-medya-kit-ikon\" decoding=\"async\" loading=\"lazy\" srcset=\"https:\/\/turklongboard.s3.eu-central-1.amazonaws.com\/wp-content\/uploads\/2020\/09\/06143819\/basin-sayfa-3-100x100.png 100w, https:\/\/turklongboard.s3.eu-central-1.amazonaws.com\/wp-content\/uploads\/2020\/09\/06143819\/basin-sayfa-3-150x150.png 150w, https:\/\/turklongboard.s3.eu-central-1.amazonaws.com\/wp-content\/uploads\/2020\/09\/06143819\/basin-sayfa-3-600x600.png 600w, https:\/\/turklongboard.s3.eu-central-1.amazonaws.com\/wp-content\/uploads\/2020\/09\/06143819\/basin-sayfa-3-300x300.png 300w\" sizes=\"(max-width: 80px) 100vw, 80px\" title=\"\">\t\t\t\t\t\t\t\t\t\t\t\t\t\t\t\n\t\t\t\t\t\t\t<\/div>\n\t\t\t\t\t\t<\/div>\n\t\t\t\t\t\t\t\t\t\t<div class=\"info-box-content\">\n\t\t\t\t\t\t<h4 class=\"info-box-title title box-title-style-default wd-fontsize-m\">Sponsors<\/h4>\t\t\t\t\t\t<div class=\"info-box-inner set-cont-mb-s reset-last-child\"><p>Turk Longboard 2023 \u2013 2024 Management Team<\/p>\n<\/div>\n\n\t\t\t\t\t\t<div class=\"info-btn-wrapper\"><div id=\"wd-69d7db6aeb13d\" class=\"wd-button-wrapper text-center\"><a href=\"https:\/\/turklongboard.org\/english\/hakkimizda\/sponsorluk\/\" title=\"Sponsors\" class=\"btn btn-color-primary btn-style-default btn-style-rectangle btn-size-small\">Read More<\/a><\/div><\/div>\t\t\t\t\t<\/div>\n\n\t\t\t\t\t\t\t\t\t<\/div>\n\t\t\t<\/div>\n\t\t<\/div><\/div><\/div><\/div>\n<\/div>","protected":false},"excerpt":{"rendered":"Hakk\u0131m\u0131zda Tarih\u00e7e 4 May\u0131s 2017'de Caddebostan'da kuruldu Daha Fazlas\u0131n\u0131 G\u00f6r Y\u00f6netim Turk Longboard 2023 - 2024 Y\u00f6netim Ekibi Daha Fazlas\u0131n\u0131","protected":false},"author":5,"featured_media":14145,"parent":0,"menu_order":0,"comment_status":"closed","ping_status":"closed","template":"","meta":{"footnotes":""},"_links":{"self":[{"href":"https:\/\/turklongboard.org\/english\/wp-json\/wp\/v2\/pages\/7"}],"collection":[{"href":"https:\/\/turklongboard.org\/english\/wp-json\/wp\/v2\/pages"}],"about":[{"href":"https:\/\/turklongboard.org\/english\/wp-json\/wp\/v2\/types\/page"}],"author":[{"embeddable":true,"href":"https:\/\/turklongboard.org\/english\/wp-json\/wp\/v2\/users\/5"}],"replies":[{"embeddable":true,"href":"https:\/\/turklongboard.org\/english\/wp-json\/wp\/v2\/comments?post=7"}],"version-history":[{"count":27,"href":"https:\/\/turklongboard.org\/english\/wp-json\/wp\/v2\/pages\/7\/revisions"}],"predecessor-version":[{"id":17557,"href":"https:\/\/turklongboard.org\/english\/wp-json\/wp\/v2\/pages\/7\/revisions\/17557"}],"wp:featuredmedia":[{"embeddable":true,"href":"https:\/\/turklongboard.org\/english\/wp-json\/wp\/v2\/media\/14145"}],"wp:attachment":[{"href":"https:\/\/turklongboard.org\/english\/wp-json\/wp\/v2\/media?parent=7"}],"curies":[{"name":"wp","href":"https:\/\/api.w.org\/{rel}","templated":true}]}}