{"id":9,"date":"2020-09-12T10:20:01","date_gmt":"2020-09-12T10:20:01","guid":{"rendered":"http:\/\/turklongboard.org\/?page_id=9"},"modified":"2023-04-17T06:43:15","modified_gmt":"2023-04-17T06:43:15","slug":"tarihce","status":"publish","type":"page","link":"https:\/\/turklongboard.org\/english\/hakkimizda\/tarihce\/","title":{"rendered":"History"},"content":{"rendered":"<div class=\"wpb-content-wrapper\"><div class=\"vc_row wpb_row vc_row-fluid vc_custom_1600521244090 vc_row-has-fill\"><div class=\"wpb_column vc_column_container vc_col-sm-12\"><div class=\"vc_column-inner vc_custom_1508143071646\"><div class=\"wpb_wrapper\">\t\t\t<link rel=\"stylesheet\" id=\"wd-section-title-css\" href=\"https:\/\/turklongboard.org\/wp-content\/themes\/woodmart\/css\/parts\/el-section-title.min.css?ver=7.3.2\" type=\"text\/css\" media=\"all\" \/> \t\t\t\t\t\t<link rel=\"stylesheet\" id=\"wd-mod-highlighted-text-css\" href=\"https:\/\/turklongboard.org\/wp-content\/themes\/woodmart\/css\/parts\/mod-highlighted-text.min.css?ver=7.3.2\" type=\"text\/css\" media=\"all\" \/> \t\t\t\n\t\t<div id=\"wd-5f64e7000c67a\" class=\"title-wrapper wd-wpb set-mb-s reset-last-child  wd-rs-5f64e7000c67a wd-title-color-primary wd-title-style-default text-center vc_custom_1600448274855 wd-underline-colored\">\n\t\t\t\t\t\t\t<div class=\"title-subtitle  subtitle-color-primary font-default subtitle-style-default wd-font-weight- wd-fontsize-xs\">Turk Longboard Community<\/div>\n\t\t\t\n\t\t\t<div class=\"liner-continer\">\n\t\t\t\t<h4 class=\"woodmart-title-container title  wd-font-weight-600 wd-fontsize-l\" >Founded on the 4th of May 2017<\/h4>\n\t\t\t\t\t\t\t<\/div>\n\t\t\t\n\t\t\t\n\t\t\t\n\t\t<\/div>\n\t\t\n\t\t\n\t<div  class=\"wpb_single_image wpb_content_element vc_align_center vc_custom_1600448648975\">\n\t\t\n\t\t<figure class=\"wpb_wrapper vc_figure\">\n\t\t\t<div class=\"vc_single_image-wrapper   vc_box_border_grey\"><img class=\"vc_single_image-img\" src=\"https:\/\/turklongboard.s3.eu-central-1.amazonaws.com\/wp-content\/uploads\/2020\/09\/06143901\/Longboard.png\" width=\"150\" height=\"59\" alt=\"Turk Longboard Hakk\u0131nda\" title=\"Turk Longboard \u0130kon\" loading=\"lazy\" \/><\/div>\n\t\t<\/figure>\n\t<\/div>\n\t\t\t<link rel=\"stylesheet\" id=\"wd-timeline-css\" href=\"https:\/\/turklongboard.org\/wp-content\/themes\/woodmart\/css\/parts\/el-timeline.min.css?ver=7.3.2\" type=\"text\/css\" media=\"all\" \/> \t\t\t\t\t<div id=\"wd-69d7f04a3567a\" class=\"wd-timeline-wrapper wd-item-default wd-line-dashed wd-rs-69d7f04a3567a\">\n\t\t\t<div class=\"woodmart-timeline-line\">\n\t\t\t\t<span class=\"line-dot dot-start\"><\/span>\n\t\t\t\t<span class=\"line-dot dot-end\"><\/span>\n\t\t\t<\/div>\n\t\t\t<div class=\"wd-timeline\">\n\t\t\t\t\t\t<div id=\"wd-5f64e8ac6f246\" class=\"wd-timeline-breakpoint\">\n\t\t\t<span class=\"woodmart-timeline-breakpoint-title\">2017<\/span>\n\t\t\t\t\t<\/div>\n\t\t\t\t<div id=\"wd-643ce4c7b0290\" class=\"wd-timeline-item wd-item-position-left text-larger\">\n\n\t\t\t<div class=\"woodmart-timeline-dot\"><\/div>\n\n\t\t\t<div class=\"timeline-col timeline-col-primary\">\n\t\t\t\t<span class=\"timeline-arrow\"><\/span>\n\t\t\t\t\t\t\t\t<h4 class=\"wd-timeline-title\"><\/h4>\n\t\t\t\t<div class=\"wd-timeline-content set-cont-mb-s reset-last-child\"><\/p>\n<p class=\"font-alt color-black\" style=\"font-size: 20px; text-align: left;\">Turk Longboard Group was founded by Istanbul University friends Enfal Altar \u00c7alapverdi and Mehmet Melih G\u00fcm\u00fc\u015f. Their aim was for everyone to glide freely together, regardless of religion, language or race.<br \/>\nIts first organization participation is the 17th International IEL Sportfest festival in 2017. It held 18 different events during the season.<\/div>\n\t\t\t<\/div>\n\n\t\t\t<div class=\"timeline-col timeline-col-secondary\">\t\n\t\t\t\t<span class=\"timeline-arrow\"><\/span>\n\t\t\t\t\t\t\t\t\t<div class=\"wd-timeline-image\" >\n\t\t\t\t\t\t<img width=\"505\" height=\"323\" src=\"https:\/\/turklongboard.s3.eu-central-1.amazonaws.com\/wp-content\/uploads\/2020\/09\/06143839\/turk-longboard-losemili-cocuklar-2020.png\" class=\"attachment-full size-full\" alt=\"turk-longboard-losemili-cocuklar-2020\" decoding=\"async\" loading=\"lazy\" srcset=\"https:\/\/turklongboard.s3.eu-central-1.amazonaws.com\/wp-content\/uploads\/2020\/09\/06143839\/turk-longboard-losemili-cocuklar-2020.png 505w, https:\/\/turklongboard.s3.eu-central-1.amazonaws.com\/wp-content\/uploads\/2020\/09\/06143839\/turk-longboard-losemili-cocuklar-2020-300x192.png 300w, https:\/\/turklongboard.s3.eu-central-1.amazonaws.com\/wp-content\/uploads\/2020\/09\/06143839\/turk-longboard-losemili-cocuklar-2020-200x128.png 200w\" sizes=\"(max-width: 505px) 100vw, 505px\" title=\"\">\t\t\t\t\t<\/div>\n\t\t\t\t\t\t\t\t<h4 class=\"wd-timeline-title\"><\/h4>\n\t\t\t\t<div class=\"wd-timeline-content set-cont-mb-s reset-last-child\"><\/div>\n\t\t\t<\/div>\n\t\t\t\t\t<\/div>\n\t\t\t\t<div id=\"wd-5f64ee38050ba\" class=\"wd-timeline-breakpoint\">\n\t\t\t<span class=\"woodmart-timeline-breakpoint-title\">2018<\/span>\n\t\t\t\t\t<\/div>\n\t\t\t\t<div id=\"wd-643ce4f197835\" class=\"wd-timeline-item wd-item-position-right text-larger\">\n\n\t\t\t<div class=\"woodmart-timeline-dot\"><\/div>\n\n\t\t\t<div class=\"timeline-col timeline-col-primary\">\n\t\t\t\t<span class=\"timeline-arrow\"><\/span>\n\t\t\t\t\t\t\t\t<h4 class=\"wd-timeline-title\"><\/h4>\n\t\t\t\t<div class=\"wd-timeline-content set-cont-mb-s reset-last-child\"><\/p>\n<p class=\"font-alt color-black\" style=\"font-size: 20px; text-align: left;\">In 2018, it became one of the known longboard communities in the world.\nTurk Longboard has started to open representative offices in cities other than Istanbul.<br \/>\nIt organized the Longboard summer camp for the first time in Turkey, and made 33 different<br \/>\norganizations throughout the world during the season.<\/div>\n\t\t\t<\/div>\n\n\t\t\t<div class=\"timeline-col timeline-col-secondary\">\t\n\t\t\t\t<span class=\"timeline-arrow\"><\/span>\n\t\t\t\t\t\t\t\t\t<div class=\"wd-timeline-image\" >\n\t\t\t\t\t\t<img width=\"505\" height=\"323\" src=\"https:\/\/turklongboard.s3.eu-central-1.amazonaws.com\/wp-content\/uploads\/2020\/09\/06143840\/turk-longboard-tarihce-2018.png\" class=\"attachment-full size-full\" alt=\"turk-longboard-tarihce\" decoding=\"async\" loading=\"lazy\" srcset=\"https:\/\/turklongboard.s3.eu-central-1.amazonaws.com\/wp-content\/uploads\/2020\/09\/06143840\/turk-longboard-tarihce-2018.png 505w, https:\/\/turklongboard.s3.eu-central-1.amazonaws.com\/wp-content\/uploads\/2020\/09\/06143840\/turk-longboard-tarihce-2018-300x192.png 300w, https:\/\/turklongboard.s3.eu-central-1.amazonaws.com\/wp-content\/uploads\/2020\/09\/06143840\/turk-longboard-tarihce-2018-200x128.png 200w\" sizes=\"(max-width: 505px) 100vw, 505px\" title=\"\">\t\t\t\t\t<\/div>\n\t\t\t\t\t\t\t\t<h4 class=\"wd-timeline-title\"><\/h4>\n\t\t\t\t<div class=\"wd-timeline-content set-cont-mb-s reset-last-child\"><\/div>\n\t\t\t<\/div>\n\t\t\t\t\t<\/div>\n\t\t\t\t<div id=\"wd-5f64f2aca6768\" class=\"wd-timeline-breakpoint\">\n\t\t\t<span class=\"woodmart-timeline-breakpoint-title\">2019<\/span>\n\t\t\t\t\t<\/div>\n\t\t\t\t<div id=\"wd-643ce5f037cff\" class=\"wd-timeline-item wd-item-position-left text-larger\">\n\n\t\t\t<div class=\"woodmart-timeline-dot\"><\/div>\n\n\t\t\t<div class=\"timeline-col timeline-col-primary\">\n\t\t\t\t<span class=\"timeline-arrow\"><\/span>\n\t\t\t\t\t\t\t\t<h4 class=\"wd-timeline-title\"><\/h4>\n\t\t\t\t<div class=\"wd-timeline-content set-cont-mb-s reset-last-child\"><\/p>\n<p class=\"font-alt color-black\" style=\"font-size: 20px; text-align: left;\">In 2019, they opened Turkish Longboard stands at universities and held conferences to introduce the longboard culture to young people. They organized 37 different longboard events throughout the season, along with the Longboard tour, where they collected more than 5 thousand toy donations with the Go Skate event for Children with Leukemia. The Longboard Academy project has started.<\/p>\n<p>&nbsp;<\/div>\n\t\t\t<\/div>\n\n\t\t\t<div class=\"timeline-col timeline-col-secondary\">\t\n\t\t\t\t<span class=\"timeline-arrow\"><\/span>\n\t\t\t\t\t\t\t\t\t<div class=\"wd-timeline-image\" >\n\t\t\t\t\t\t<img width=\"505\" height=\"323\" src=\"https:\/\/turklongboard.s3.eu-central-1.amazonaws.com\/wp-content\/uploads\/2020\/09\/06143839\/turk-longboard-universty-2019.png\" class=\"attachment-full size-full\" alt=\"turk-longboard-fsm-universty\" decoding=\"async\" loading=\"lazy\" srcset=\"https:\/\/turklongboard.s3.eu-central-1.amazonaws.com\/wp-content\/uploads\/2020\/09\/06143839\/turk-longboard-universty-2019.png 505w, https:\/\/turklongboard.s3.eu-central-1.amazonaws.com\/wp-content\/uploads\/2020\/09\/06143839\/turk-longboard-universty-2019-300x192.png 300w, https:\/\/turklongboard.s3.eu-central-1.amazonaws.com\/wp-content\/uploads\/2020\/09\/06143839\/turk-longboard-universty-2019-200x128.png 200w\" sizes=\"(max-width: 505px) 100vw, 505px\" title=\"\">\t\t\t\t\t<\/div>\n\t\t\t\t\t\t\t\t<h4 class=\"wd-timeline-title\"><\/h4>\n\t\t\t\t<div class=\"wd-timeline-content set-cont-mb-s reset-last-child\"><\/div>\n\t\t\t<\/div>\n\t\t\t\t\t<\/div>\n\t\t\t\t<div id=\"wd-5f64f3ec6a263\" class=\"wd-timeline-breakpoint\">\n\t\t\t<span class=\"woodmart-timeline-breakpoint-title\">2020<\/span>\n\t\t\t\t\t<\/div>\n\t\t\t\t<div id=\"wd-643ce585ef78f\" class=\"wd-timeline-item wd-item-position-right text-larger\">\n\n\t\t\t<div class=\"woodmart-timeline-dot\"><\/div>\n\n\t\t\t<div class=\"timeline-col timeline-col-primary\">\n\t\t\t\t<span class=\"timeline-arrow\"><\/span>\n\t\t\t\t\t\t\t\t<h4 class=\"wd-timeline-title\"><\/h4>\n\t\t\t\t<div class=\"wd-timeline-content set-cont-mb-s reset-last-child\"><\/p>\n<p class=\"font-alt color-black\" style=\"font-size: 20px; text-align: left;\">In 2020, the Turk Longboard team was established. Northern Sun company has released a Turkish Longboard team for team athletes and members. The Turk Longboard team runs a variety of outdoor activities. Turk Longboard branding project started.<\/p>\n<p><\/div>\n\t\t\t<\/div>\n\n\t\t\t<div class=\"timeline-col timeline-col-secondary\">\t\n\t\t\t\t<span class=\"timeline-arrow\"><\/span>\n\t\t\t\t\t\t\t\t\t<div class=\"wd-timeline-image\" >\n\t\t\t\t\t\t<img width=\"505\" height=\"323\" src=\"https:\/\/turklongboard.s3.eu-central-1.amazonaws.com\/wp-content\/uploads\/2020\/09\/06143840\/turk-longboard-tarihce-cenk-kuli-enfal-altar-c.png\" class=\"attachment-full size-full\" alt=\"Turk-Longboard-Tarihi\" decoding=\"async\" loading=\"lazy\" srcset=\"https:\/\/turklongboard.s3.eu-central-1.amazonaws.com\/wp-content\/uploads\/2020\/09\/06143840\/turk-longboard-tarihce-cenk-kuli-enfal-altar-c.png 505w, https:\/\/turklongboard.s3.eu-central-1.amazonaws.com\/wp-content\/uploads\/2020\/09\/06143840\/turk-longboard-tarihce-cenk-kuli-enfal-altar-c-300x192.png 300w, https:\/\/turklongboard.s3.eu-central-1.amazonaws.com\/wp-content\/uploads\/2020\/09\/06143840\/turk-longboard-tarihce-cenk-kuli-enfal-altar-c-200x128.png 200w\" sizes=\"(max-width: 505px) 100vw, 505px\" title=\"\">\t\t\t\t\t<\/div>\n\t\t\t\t\t\t\t\t<h4 class=\"wd-timeline-title\"><\/h4>\n\t\t\t\t<div class=\"wd-timeline-content set-cont-mb-s reset-last-child\"><\/div>\n\t\t\t<\/div>\n\t\t\t\t\t<\/div>\n\t\t\t\t<div id=\"wd-643ce65c56166\" class=\"wd-timeline-breakpoint\">\n\t\t\t<span class=\"woodmart-timeline-breakpoint-title\">2021<\/span>\n\t\t\t\t\t<\/div>\n\t\t\t\t<div id=\"wd-643ce9de5a693\" class=\"wd-timeline-item wd-item-position-left text-larger\">\n\n\t\t\t<div class=\"woodmart-timeline-dot\"><\/div>\n\n\t\t\t<div class=\"timeline-col timeline-col-primary\">\n\t\t\t\t<span class=\"timeline-arrow\"><\/span>\n\t\t\t\t\t\t\t\t<h4 class=\"wd-timeline-title\"><\/h4>\n\t\t\t\t<div class=\"wd-timeline-content set-cont-mb-s reset-last-child\"><\/p>\n<p class=\"font-alt color-black\" style=\"font-size: 20px; text-align: left;\">In 2021, Turk Longboard organized the longest 21 June World Skateboarding Day tour in Turkey for the first time from Istanbul Kad\u0131k\u00f6y to Caddebostan Beach. Products started to be produced under the brand name of Turk Longboard.<\/p>\n<p>&nbsp;<\/div>\n\t\t\t<\/div>\n\n\t\t\t<div class=\"timeline-col timeline-col-secondary\">\t\n\t\t\t\t<span class=\"timeline-arrow\"><\/span>\n\t\t\t\t\t\t\t\t\t<div class=\"wd-timeline-image\" >\n\t\t\t\t\t\t<img width=\"505\" height=\"323\" src=\"https:\/\/turklongboard.s3.eu-central-1.amazonaws.com\/wp-content\/uploads\/2023\/04\/17064045\/turk_longboard_2021.png\" class=\"attachment-full size-full\" alt=\"longboard\" decoding=\"async\" loading=\"lazy\" srcset=\"https:\/\/turklongboard.s3.eu-central-1.amazonaws.com\/wp-content\/uploads\/2023\/04\/17064045\/turk_longboard_2021.png 505w, https:\/\/turklongboard.s3.eu-central-1.amazonaws.com\/wp-content\/uploads\/2023\/04\/17064045\/turk_longboard_2021-300x192.png 300w, https:\/\/turklongboard.s3.eu-central-1.amazonaws.com\/wp-content\/uploads\/2023\/04\/17064045\/turk_longboard_2021-18x12.png 18w\" sizes=\"(max-width: 505px) 100vw, 505px\" title=\"\">\t\t\t\t\t<\/div>\n\t\t\t\t\t\t\t\t<h4 class=\"wd-timeline-title\"><\/h4>\n\t\t\t\t<div class=\"wd-timeline-content set-cont-mb-s reset-last-child\"><\/div>\n\t\t\t<\/div>\n\t\t\t\t\t<\/div>\n\t\t\t\t<div id=\"wd-643ce665a5f9e\" class=\"wd-timeline-breakpoint\">\n\t\t\t<span class=\"woodmart-timeline-breakpoint-title\">2022<\/span>\n\t\t\t\t\t<\/div>\n\t\t\t\t<div id=\"wd-643cea5ea53ef\" class=\"wd-timeline-item wd-item-position-right text-larger\">\n\n\t\t\t<div class=\"woodmart-timeline-dot\"><\/div>\n\n\t\t\t<div class=\"timeline-col timeline-col-primary\">\n\t\t\t\t<span class=\"timeline-arrow\"><\/span>\n\t\t\t\t\t\t\t\t<h4 class=\"wd-timeline-title\"><\/h4>\n\t\t\t\t<div class=\"wd-timeline-content set-cont-mb-s reset-last-child\"><\/p>\n<p class=\"font-alt color-black\" style=\"font-size: 20px; text-align: left;\">In 2022, the Turk Longboard team made the first wave surfing organization in Istanbul \u015eile. Trendyol opened its stores on Amazon, Hepsiburada and its own website. Clico has started the Turk Longboard Token project with digital support.<\/p>\n<p><\/div>\n\t\t\t<\/div>\n\n\t\t\t<div class=\"timeline-col timeline-col-secondary\">\t\n\t\t\t\t<span class=\"timeline-arrow\"><\/span>\n\t\t\t\t\t\t\t\t\t<div class=\"wd-timeline-image\" >\n\t\t\t\t\t\t<img width=\"505\" height=\"323\" src=\"https:\/\/turklongboard.s3.eu-central-1.amazonaws.com\/wp-content\/uploads\/2023\/04\/17064252\/turk_longboard_2022.png\" class=\"attachment-full size-full\" alt=\"longboard\" decoding=\"async\" loading=\"lazy\" srcset=\"https:\/\/turklongboard.s3.eu-central-1.amazonaws.com\/wp-content\/uploads\/2023\/04\/17064252\/turk_longboard_2022.png 505w, https:\/\/turklongboard.s3.eu-central-1.amazonaws.com\/wp-content\/uploads\/2023\/04\/17064252\/turk_longboard_2022-300x192.png 300w, https:\/\/turklongboard.s3.eu-central-1.amazonaws.com\/wp-content\/uploads\/2023\/04\/17064252\/turk_longboard_2022-18x12.png 18w\" sizes=\"(max-width: 505px) 100vw, 505px\" title=\"\">\t\t\t\t\t<\/div>\n\t\t\t\t\t\t\t\t<h4 class=\"wd-timeline-title\"><\/h4>\n\t\t\t\t<div class=\"wd-timeline-content set-cont-mb-s reset-last-child\"><\/div>\n\t\t\t<\/div>\n\t\t\t\t\t<\/div>\n\t\t\t\t<div id=\"wd-643ce6ba92508\" class=\"wd-timeline-breakpoint\">\n\t\t\t<span class=\"woodmart-timeline-breakpoint-title\">2023<\/span>\n\t\t\t\t\t<\/div>\n\t\t\t\t\t<\/div>\n\t\t\t\t\t<\/div>\n\t\t<\/div><\/div><\/div><\/div>\n<\/div>","protected":false},"excerpt":{"rendered":"Turk Longboard Toplulu\u011fu 4 May\u0131s 2017'de kuruldu 2017 Turk Longboard Toplulu\u011fu, \u0130stanbul \u00dcniversiteli arkada\u015flar Enfal Altar \u00c7alapverdi ve Mehmet Melih","protected":false},"author":5,"featured_media":14149,"parent":7,"menu_order":0,"comment_status":"closed","ping_status":"closed","template":"","meta":{"footnotes":""},"_links":{"self":[{"href":"https:\/\/turklongboard.org\/english\/wp-json\/wp\/v2\/pages\/9"}],"collection":[{"href":"https:\/\/turklongboard.org\/english\/wp-json\/wp\/v2\/pages"}],"about":[{"href":"https:\/\/turklongboard.org\/english\/wp-json\/wp\/v2\/types\/page"}],"author":[{"embeddable":true,"href":"https:\/\/turklongboard.org\/english\/wp-json\/wp\/v2\/users\/5"}],"replies":[{"embeddable":true,"href":"https:\/\/turklongboard.org\/english\/wp-json\/wp\/v2\/comments?post=9"}],"version-history":[{"count":50,"href":"https:\/\/turklongboard.org\/english\/wp-json\/wp\/v2\/pages\/9\/revisions"}],"predecessor-version":[{"id":18067,"href":"https:\/\/turklongboard.org\/english\/wp-json\/wp\/v2\/pages\/9\/revisions\/18067"}],"up":[{"embeddable":true,"href":"https:\/\/turklongboard.org\/english\/wp-json\/wp\/v2\/pages\/7"}],"wp:featuredmedia":[{"embeddable":true,"href":"https:\/\/turklongboard.org\/english\/wp-json\/wp\/v2\/media\/14149"}],"wp:attachment":[{"href":"https:\/\/turklongboard.org\/english\/wp-json\/wp\/v2\/media?parent=9"}],"curies":[{"name":"wp","href":"https:\/\/api.w.org\/{rel}","templated":true}]}}